{"id":992529,"date":"2026-02-03T11:49:25","date_gmt":"2026-02-03T10:49:25","guid":{"rendered":"https:\/\/www.butterflywings.sk\/?post_type=product&#038;p=992529"},"modified":"2026-02-22T15:04:28","modified_gmt":"2026-02-22T14:04:28","slug":"papilio-rumanzovia-valentine","status":"publish","type":"product","link":"https:\/\/www.butterflywings.sk\/en\/product\/papilio-rumanzovia-valentine\/","title":{"rendered":"Papilio rumanzovia"},"content":{"rendered":"<div class=\"vgblk-rw-wrapper limit-wrapper\">Butterflywings, surgical steel, gift from nature, handmade, unique jewelry, unusual jewelry, original Jewelry, butterfly, genuine butterfly wings, handmade, glass, butterfly wings jewelry, unique, keychain, keychain, Papilio rumanzovia, wi<span style=\"font-size: 16px\">ngs of Butterfly<\/span><\/p>\n<p>We at Butterflywings.sk make jewellery from butterfly wings of naturally dead butterflies, paintings and other home decorations using various exotic species of butterflies and other insects. The specimens are mainly sourced from natives of developing countries, thus providing them with a regular income and helping them to make a better life in impoverished areas. Our friends raise butterflies and insects on their farms or catch them in the wild. However, they only catch males in the post-mating season so as not to endanger the biological balance of nature. They do not kill the butterflies, but let them die naturally. Once exported to us, the wings are processed and inserted into surgical steel components in the form of necklaces, earrings, bracelets, rings, etc. We only use commonly occurring insect species whose populations are not endangered and which are not subject to international CITES protection.<\/p>\n<p>In addition to the e-shop, you can buy our products in several locations in Slovakia. See a map of sales locations here:<\/p>\n<blockquote class=\"wp-embedded-content\" data-secret=\"VOZPyftT3X\"><p><a href=\"https:\/\/www.butterflywings.sk\/en\/contact\/\">Contact<\/a><\/p><\/blockquote>\n<p><iframe class=\"wp-embedded-content\" sandbox=\"allow-scripts\" security=\"restricted\" style=\"position: absolute; visibility: hidden;\" title=\"\u201cContact\u201d - ButterflyWings\" src=\"https:\/\/www.butterflywings.sk\/kontakt\/embed\/#?secret=plv4cUpgDW#?secret=VOZPyftT3X\" data-secret=\"VOZPyftT3X\" width=\"600\" height=\"338\" frameborder=\"0\" marginwidth=\"0\" marginheight=\"0\" scrolling=\"no\"><\/iframe><\/p>\n<blockquote class=\"wp-embedded-content\" data-secret=\"ivcQYnAcrP\"><p><a href=\"https:\/\/www.butterflywings.sk\/en\/butterfly-species\/\">Types of butterflies whose wings can be found in our jewellery<\/a><\/p><\/blockquote>\n<p><iframe class=\"wp-embedded-content\" sandbox=\"allow-scripts\" security=\"restricted\" style=\"position: absolute; visibility: hidden;\" title=\"\u201cTypes of butterflies whose wings can be found in our jewellery\u201d - ButterflyWings\" src=\"https:\/\/www.butterflywings.sk\/druhy-motylov\/embed\/#?secret=yxRgeFTcvm#?secret=ivcQYnAcrP\" data-secret=\"ivcQYnAcrP\" width=\"600\" height=\"338\" frameborder=\"0\" marginwidth=\"0\" marginheight=\"0\" scrolling=\"no\"><\/iframe><\/p>\n<p>Facebook:<\/p>\n<p>https:\/\/www.facebook.com\/groups\/249522415826793\/<\/p>\n<p>https:\/\/www.facebook.com\/profile.php?id=61576798633169<\/p>\n<p>Instagram:<\/p>\n<p>https:\/\/www.instagram.com\/p\/DUBP5HEiIbe\/?utm_source=ig_web_copy_link&#038;igsh=NTc4MTIwNjQ2YQ==<\/p>\n<p>&nbsp;<\/p>\n<p>Surgical steel and glass key ring for ladies with embedded real<span style=\"font-size: 16px\"> butterfly wings. Wings of Papilio rumanzovia butterfly. Handmade with love and in harmony with nature. Suitable for every<\/span><span style=\"font-size: 16px\">daily wear.<\/span><\/p>\n<p><span style=\"font-size: 16px\">Keychain<\/span>\u00a0Papilio rumanzovia:<\/p>\n<ul>\n<li>product number EV401<\/li>\n<li>surgical steel, glass<\/li>\n<li><span style=\"font-size: 16px\">slide diameter 12 mm<\/span><\/li>\n<li>weight 10,7 g<\/li>\n<li>fastening - carabiner<\/li>\n<li>packaging - paper envelope, cleaning cloth, car fragrance, gift bag<\/li>\n<\/ul>\n<\/div>\n<p><!-- .vgblk-rw-wrapper --><\/p>","protected":false},"excerpt":{"rendered":"<ul>\n<li>product number EV401<\/li>\n<li>surgical steel, glass<\/li>\n<li><span style=\"font-size: 16px\">slide diameter 12 mm<\/span><\/li>\n<li>weight 10,7 g<\/li>\n<li>fastening - carabiner<\/li>\n<li>packaging - paper envelope, cleaning cloth, car fragrance, gift bag<\/li>\n<\/ul>","protected":false},"featured_media":992441,"template":"","meta":[],"product_brand":[],"product_cat":[32,71,199],"product_tag":[90,123,107,122,117,137,139,197,154,94,95,106,140,194,108,120,144,135,138],"class_list":{"0":"post-992529","1":"product","2":"type-product","3":"status-publish","4":"has-post-thumbnail","6":"product_cat-klucenky","7":"product_cat-klucenky-s-motylimi-kridlami","8":"product_cat-valentinska-ponuka","9":"product_tag-butterflywings","10":"product_tag-darcek-pre-milovnicku-prirody","11":"product_tag-darcek-pre-zenu","12":"product_tag-darcek-z-prirody","13":"product_tag-jemnost","14":"product_tag-jewelry-for-woman","15":"product_tag-jewelry-from-nature","16":"product_tag-keychain","17":"product_tag-klucenka","18":"product_tag-kridlo","19":"product_tag-motyl","20":"product_tag-original","21":"product_tag-original-jewelry","22":"product_tag-papilio-rumanzovia","23":"product_tag-prave-motylie-kridla","24":"product_tag-romanticky-darcek","25":"product_tag-sperky","26":"product_tag-sperky-pre-kazdu-prilezitost","27":"product_tag-wings-of-butterfly","29":"first","30":"instock","31":"taxable","32":"shipping-taxable","33":"purchasable","34":"product-type-simple"},"yoast_head":"<!-- This site is optimized with the Yoast SEO plugin v27.5 - https:\/\/yoast.com\/product\/yoast-seo-wordpress\/ -->\n<title>K\u013e\u00fa\u010denka Papilio rumanzovia - ButterflyWings<\/title>\n<meta name=\"description\" content=\"K\u013e\u00fa\u010denka zo skuto\u010dn\u00fdch kr\u00eddel mot\u00fd\u013e Papilio rumanzovia. Ru\u010dne vyroben\u00e9 s l\u00e1skou a v s\u00falade s pr\u00edrodou. Doplnok vhodn\u00fd na ka\u017edodenn\u00e9 nosenie.\" \/>\n<meta name=\"robots\" content=\"index, follow, max-snippet:-1, max-image-preview:large, max-video-preview:-1\" \/>\n<link rel=\"canonical\" href=\"https:\/\/www.butterflywings.sk\/en\/product\/papilio-rumanzovia-valentine\/\" \/>\n<meta property=\"og:locale\" content=\"en_GB\" \/>\n<meta property=\"og:type\" content=\"article\" \/>\n<meta property=\"og:title\" content=\"K\u013e\u00fa\u010denka Papilio rumanzovia - ButterflyWings\" \/>\n<meta property=\"og:description\" content=\"K\u013e\u00fa\u010denka zo skuto\u010dn\u00fdch kr\u00eddel mot\u00fd\u013e Papilio rumanzovia. Ru\u010dne vyroben\u00e9 s l\u00e1skou a v s\u00falade s pr\u00edrodou. Doplnok vhodn\u00fd na ka\u017edodenn\u00e9 nosenie.\" \/>\n<meta property=\"og:url\" content=\"https:\/\/www.butterflywings.sk\/en\/product\/papilio-rumanzovia-valentine\/\" \/>\n<meta property=\"og:site_name\" content=\"ButterflyWings\" \/>\n<meta property=\"article:modified_time\" content=\"2026-02-22T14:04:28+00:00\" \/>\n<meta property=\"og:image\" content=\"https:\/\/www.butterflywings.sk\/wp-content\/uploads\/2026\/02\/28-P1019344-scaled.webp\" \/>\n\t<meta property=\"og:image:width\" content=\"2560\" \/>\n\t<meta property=\"og:image:height\" content=\"1920\" \/>\n\t<meta property=\"og:image:type\" content=\"image\/webp\" \/>\n<meta name=\"twitter:card\" content=\"summary_large_image\" \/>\n<meta name=\"twitter:label1\" content=\"Estimated reading time\" \/>\n\t<meta name=\"twitter:data1\" content=\"2 minutes\" \/>\n<script type=\"application\/ld+json\" class=\"yoast-schema-graph\">{\"@context\":\"https:\\\/\\\/schema.org\",\"@graph\":[{\"@type\":\"WebPage\",\"@id\":\"https:\\\/\\\/www.butterflywings.sk\\\/produkt\\\/klucenka-papilio-rumanzovia-valentin\\\/\",\"url\":\"https:\\\/\\\/www.butterflywings.sk\\\/produkt\\\/klucenka-papilio-rumanzovia-valentin\\\/\",\"name\":\"K\u013e\u00fa\u010denka Papilio rumanzovia - ButterflyWings\",\"isPartOf\":{\"@id\":\"https:\\\/\\\/www.butterflywings.sk\\\/#website\"},\"primaryImageOfPage\":{\"@id\":\"https:\\\/\\\/www.butterflywings.sk\\\/produkt\\\/klucenka-papilio-rumanzovia-valentin\\\/#primaryimage\"},\"image\":{\"@id\":\"https:\\\/\\\/www.butterflywings.sk\\\/produkt\\\/klucenka-papilio-rumanzovia-valentin\\\/#primaryimage\"},\"thumbnailUrl\":\"https:\\\/\\\/www.butterflywings.sk\\\/wp-content\\\/uploads\\\/2026\\\/02\\\/28-P1019344-scaled.webp\",\"datePublished\":\"2026-02-03T10:49:25+00:00\",\"dateModified\":\"2026-02-22T14:04:28+00:00\",\"description\":\"K\u013e\u00fa\u010denka zo skuto\u010dn\u00fdch kr\u00eddel mot\u00fd\u013e Papilio rumanzovia. Ru\u010dne vyroben\u00e9 s l\u00e1skou a v s\u00falade s pr\u00edrodou. Doplnok vhodn\u00fd na ka\u017edodenn\u00e9 nosenie.\",\"breadcrumb\":{\"@id\":\"https:\\\/\\\/www.butterflywings.sk\\\/produkt\\\/klucenka-papilio-rumanzovia-valentin\\\/#breadcrumb\"},\"inLanguage\":\"en-GB\",\"potentialAction\":[{\"@type\":\"ReadAction\",\"target\":[\"https:\\\/\\\/www.butterflywings.sk\\\/produkt\\\/klucenka-papilio-rumanzovia-valentin\\\/\"]}]},{\"@type\":\"ImageObject\",\"inLanguage\":\"en-GB\",\"@id\":\"https:\\\/\\\/www.butterflywings.sk\\\/produkt\\\/klucenka-papilio-rumanzovia-valentin\\\/#primaryimage\",\"url\":\"https:\\\/\\\/www.butterflywings.sk\\\/wp-content\\\/uploads\\\/2026\\\/02\\\/28-P1019344-scaled.webp\",\"contentUrl\":\"https:\\\/\\\/www.butterflywings.sk\\\/wp-content\\\/uploads\\\/2026\\\/02\\\/28-P1019344-scaled.webp\",\"width\":2560,\"height\":1920,\"caption\":\"k\u013e\u00fa\u010denka z kr\u00eddla mot\u00fd\u013ea Papilio rumanzovia\"},{\"@type\":\"BreadcrumbList\",\"@id\":\"https:\\\/\\\/www.butterflywings.sk\\\/produkt\\\/klucenka-papilio-rumanzovia-valentin\\\/#breadcrumb\",\"itemListElement\":[{\"@type\":\"ListItem\",\"position\":1,\"name\":\"Domovsk\u00e1 str\u00e1nka\",\"item\":\"https:\\\/\\\/www.butterflywings.sk\\\/\"},{\"@type\":\"ListItem\",\"position\":2,\"name\":\"Obchod\",\"item\":\"https:\\\/\\\/www.butterflywings.sk\\\/obchod\\\/\"},{\"@type\":\"ListItem\",\"position\":3,\"name\":\"K\u013e\u00fa\u010denka Papilio rumanzovia\"}]},{\"@type\":\"WebSite\",\"@id\":\"https:\\\/\\\/www.butterflywings.sk\\\/#website\",\"url\":\"https:\\\/\\\/www.butterflywings.sk\\\/\",\"name\":\"ButterflyWings\",\"description\":\"\u0160perky z mot\u00fdl\u00edch kr\u00eddel\",\"publisher\":{\"@id\":\"https:\\\/\\\/www.butterflywings.sk\\\/#organization\"},\"potentialAction\":[{\"@type\":\"SearchAction\",\"target\":{\"@type\":\"EntryPoint\",\"urlTemplate\":\"https:\\\/\\\/www.butterflywings.sk\\\/?s={search_term_string}\"},\"query-input\":{\"@type\":\"PropertyValueSpecification\",\"valueRequired\":true,\"valueName\":\"search_term_string\"}}],\"inLanguage\":\"en-GB\"},{\"@type\":\"Organization\",\"@id\":\"https:\\\/\\\/www.butterflywings.sk\\\/#organization\",\"name\":\"ButterflyWings\",\"url\":\"https:\\\/\\\/www.butterflywings.sk\\\/\",\"logo\":{\"@type\":\"ImageObject\",\"inLanguage\":\"en-GB\",\"@id\":\"https:\\\/\\\/www.butterflywings.sk\\\/#\\\/schema\\\/logo\\\/image\\\/\",\"url\":\"https:\\\/\\\/www.butterflywings.sk\\\/wp-content\\\/uploads\\\/2020\\\/02\\\/Snimka_obrazovky_2025-05-22_o_12.37.48-removebg-preview.png\",\"contentUrl\":\"https:\\\/\\\/www.butterflywings.sk\\\/wp-content\\\/uploads\\\/2020\\\/02\\\/Snimka_obrazovky_2025-05-22_o_12.37.48-removebg-preview.png\",\"width\":776,\"height\":322,\"caption\":\"ButterflyWings\"},\"image\":{\"@id\":\"https:\\\/\\\/www.butterflywings.sk\\\/#\\\/schema\\\/logo\\\/image\\\/\"}}]}<\/script>\n<!-- \/ Yoast SEO plugin. -->","yoast_head_json":{"title":"Papilio rumanzovia - ButterflyWings","description":"Keychain made from real wings of Papilio rumanzovia butterfly. Handmade with love and in harmony with nature. An accessory suitable for everyday wear.","robots":{"index":"index","follow":"follow","max-snippet":"max-snippet:-1","max-image-preview":"max-image-preview:large","max-video-preview":"max-video-preview:-1"},"canonical":"https:\/\/www.butterflywings.sk\/en\/product\/papilio-rumanzovia-valentine\/","og_locale":"en_GB","og_type":"article","og_title":"K\u013e\u00fa\u010denka Papilio rumanzovia - ButterflyWings","og_description":"K\u013e\u00fa\u010denka zo skuto\u010dn\u00fdch kr\u00eddel mot\u00fd\u013e Papilio rumanzovia. Ru\u010dne vyroben\u00e9 s l\u00e1skou a v s\u00falade s pr\u00edrodou. Doplnok vhodn\u00fd na ka\u017edodenn\u00e9 nosenie.","og_url":"https:\/\/www.butterflywings.sk\/en\/product\/papilio-rumanzovia-valentine\/","og_site_name":"ButterflyWings","article_modified_time":"2026-02-22T14:04:28+00:00","og_image":[{"width":2560,"height":1920,"url":"https:\/\/www.butterflywings.sk\/wp-content\/uploads\/2026\/02\/28-P1019344-scaled.webp","type":"image\/webp"}],"twitter_card":"summary_large_image","twitter_misc":{"Estimated reading time":"2 minutes"},"schema":{"@context":"https:\/\/schema.org","@graph":[{"@type":"WebPage","@id":"https:\/\/www.butterflywings.sk\/produkt\/klucenka-papilio-rumanzovia-valentin\/","url":"https:\/\/www.butterflywings.sk\/produkt\/klucenka-papilio-rumanzovia-valentin\/","name":"Papilio rumanzovia - ButterflyWings","isPartOf":{"@id":"https:\/\/www.butterflywings.sk\/#website"},"primaryImageOfPage":{"@id":"https:\/\/www.butterflywings.sk\/produkt\/klucenka-papilio-rumanzovia-valentin\/#primaryimage"},"image":{"@id":"https:\/\/www.butterflywings.sk\/produkt\/klucenka-papilio-rumanzovia-valentin\/#primaryimage"},"thumbnailUrl":"https:\/\/www.butterflywings.sk\/wp-content\/uploads\/2026\/02\/28-P1019344-scaled.webp","datePublished":"2026-02-03T10:49:25+00:00","dateModified":"2026-02-22T14:04:28+00:00","description":"Keychain made from real wings of Papilio rumanzovia butterfly. Handmade with love and in harmony with nature. An accessory suitable for everyday wear.","breadcrumb":{"@id":"https:\/\/www.butterflywings.sk\/produkt\/klucenka-papilio-rumanzovia-valentin\/#breadcrumb"},"inLanguage":"en-GB","potentialAction":[{"@type":"ReadAction","target":["https:\/\/www.butterflywings.sk\/produkt\/klucenka-papilio-rumanzovia-valentin\/"]}]},{"@type":"ImageObject","inLanguage":"en-GB","@id":"https:\/\/www.butterflywings.sk\/produkt\/klucenka-papilio-rumanzovia-valentin\/#primaryimage","url":"https:\/\/www.butterflywings.sk\/wp-content\/uploads\/2026\/02\/28-P1019344-scaled.webp","contentUrl":"https:\/\/www.butterflywings.sk\/wp-content\/uploads\/2026\/02\/28-P1019344-scaled.webp","width":2560,"height":1920,"caption":"k\u013e\u00fa\u010denka z kr\u00eddla mot\u00fd\u013ea Papilio rumanzovia"},{"@type":"BreadcrumbList","@id":"https:\/\/www.butterflywings.sk\/produkt\/klucenka-papilio-rumanzovia-valentin\/#breadcrumb","itemListElement":[{"@type":"ListItem","position":1,"name":"Domovsk\u00e1 str\u00e1nka","item":"https:\/\/www.butterflywings.sk\/"},{"@type":"ListItem","position":2,"name":"Obchod","item":"https:\/\/www.butterflywings.sk\/obchod\/"},{"@type":"ListItem","position":3,"name":"K\u013e\u00fa\u010denka Papilio rumanzovia"}]},{"@type":"WebSite","@id":"https:\/\/www.butterflywings.sk\/#website","url":"https:\/\/www.butterflywings.sk\/","name":"ButterflyWings","description":"Jewellery made of butterfly wings","publisher":{"@id":"https:\/\/www.butterflywings.sk\/#organization"},"potentialAction":[{"@type":"SearchAction","target":{"@type":"EntryPoint","urlTemplate":"https:\/\/www.butterflywings.sk\/?s={search_term_string}"},"query-input":{"@type":"PropertyValueSpecification","valueRequired":true,"valueName":"search_term_string"}}],"inLanguage":"en-GB"},{"@type":"Organization","@id":"https:\/\/www.butterflywings.sk\/#organization","name":"ButterflyWings","url":"https:\/\/www.butterflywings.sk\/","logo":{"@type":"ImageObject","inLanguage":"en-GB","@id":"https:\/\/www.butterflywings.sk\/#\/schema\/logo\/image\/","url":"https:\/\/www.butterflywings.sk\/wp-content\/uploads\/2020\/02\/Snimka_obrazovky_2025-05-22_o_12.37.48-removebg-preview.png","contentUrl":"https:\/\/www.butterflywings.sk\/wp-content\/uploads\/2020\/02\/Snimka_obrazovky_2025-05-22_o_12.37.48-removebg-preview.png","width":776,"height":322,"caption":"ButterflyWings"},"image":{"@id":"https:\/\/www.butterflywings.sk\/#\/schema\/logo\/image\/"}}]}},"_links":{"self":[{"href":"https:\/\/www.butterflywings.sk\/en\/wp-json\/wp\/v2\/product\/992529","targetHints":{"allow":["GET"]}}],"collection":[{"href":"https:\/\/www.butterflywings.sk\/en\/wp-json\/wp\/v2\/product"}],"about":[{"href":"https:\/\/www.butterflywings.sk\/en\/wp-json\/wp\/v2\/types\/product"}],"version-history":[{"count":3,"href":"https:\/\/www.butterflywings.sk\/en\/wp-json\/wp\/v2\/product\/992529\/revisions"}],"predecessor-version":[{"id":992594,"href":"https:\/\/www.butterflywings.sk\/en\/wp-json\/wp\/v2\/product\/992529\/revisions\/992594"}],"wp:featuredmedia":[{"embeddable":true,"href":"https:\/\/www.butterflywings.sk\/en\/wp-json\/wp\/v2\/media\/992441"}],"wp:attachment":[{"href":"https:\/\/www.butterflywings.sk\/en\/wp-json\/wp\/v2\/media?parent=992529"}],"wp:term":[{"taxonomy":"product_brand","embeddable":true,"href":"https:\/\/www.butterflywings.sk\/en\/wp-json\/wp\/v2\/product_brand?post=992529"},{"taxonomy":"product_cat","embeddable":true,"href":"https:\/\/www.butterflywings.sk\/en\/wp-json\/wp\/v2\/product_cat?post=992529"},{"taxonomy":"product_tag","embeddable":true,"href":"https:\/\/www.butterflywings.sk\/en\/wp-json\/wp\/v2\/product_tag?post=992529"}],"curies":[{"name":"wp","href":"https:\/\/api.w.org\/{rel}","templated":true}]}}