{"id":992485,"date":"2026-02-02T12:13:11","date_gmt":"2026-02-02T11:13:11","guid":{"rendered":"https:\/\/www.butterflywings.sk\/?post_type=product&#038;p=992485"},"modified":"2026-02-22T15:08:16","modified_gmt":"2026-02-22T14:08:16","slug":"chondracris-rosea-valentine-necklace-2","status":"publish","type":"product","link":"https:\/\/www.butterflywings.sk\/en\/product\/chondracris-rosea-valentine-necklace-2\/","title":{"rendered":"Necklace and earrings Chondracris rosea"},"content":{"rendered":"<div class=\"vgblk-rw-wrapper limit-wrapper\">Butterflywings, surgical steel, gift from nature, handmade, unique jewellery, unusual jewellery, original jewellery, grasshopper, real wings, manual production, glass, jewellery from butterfly wings, unique item, necklace, necklace, earrings, earrings, Chondracris rosea, rose quartz, stone, Wings of Butterfly<\/p>\n<p>We at Butterflywings.sk make jewellery from butterfly wings of naturally dead butterflies, paintings and other home decorations using various exotic species of butterflies and other insects. The specimens are mainly sourced from natives of developing countries, thus providing them with a regular income and helping them to make a better life in impoverished areas. Our friends raise butterflies and insects on their farms or catch them in the wild. However, they only catch males in the post-mating season so as not to endanger the biological balance of nature. They do not kill the butterflies, but let them die naturally. Once exported to us, the wings are processed and inserted into surgical steel components in the form of necklaces, earrings, bracelets, rings, etc. We only use commonly occurring insect species whose populations are not endangered and which are not subject to international CITES protection.<\/p>\n<p>In addition to the e-shop, you can buy our products in several locations in Slovakia. See a map of sales locations here:<\/p>\n<blockquote class=\"wp-embedded-content\" data-secret=\"UqQ42fUqTz\"><p><a href=\"https:\/\/www.butterflywings.sk\/en\/contact\/\">Contact<\/a><\/p><\/blockquote>\n<p><iframe class=\"wp-embedded-content\" sandbox=\"allow-scripts\" security=\"restricted\" style=\"position: absolute; visibility: hidden;\" title=\"\u201cContact\u201d - ButterflyWings\" src=\"https:\/\/www.butterflywings.sk\/kontakt\/embed\/#?secret=P3j6ZTL80G#?secret=UqQ42fUqTz\" data-secret=\"UqQ42fUqTz\" width=\"600\" height=\"338\" frameborder=\"0\" marginwidth=\"0\" marginheight=\"0\" scrolling=\"no\"><\/iframe><\/p>\n<blockquote class=\"wp-embedded-content\" data-secret=\"u6kAyjumSE\"><p><a href=\"https:\/\/www.butterflywings.sk\/en\/butterfly-species\/\">Types of butterflies whose wings can be found in our jewellery<\/a><\/p><\/blockquote>\n<p><iframe class=\"wp-embedded-content\" sandbox=\"allow-scripts\" security=\"restricted\" style=\"position: absolute; visibility: hidden;\" title=\"\u201cTypes of butterflies whose wings can be found in our jewellery\u201d - ButterflyWings\" src=\"https:\/\/www.butterflywings.sk\/druhy-motylov\/embed\/#?secret=oaQfcBzEh5#?secret=u6kAyjumSE\" data-secret=\"u6kAyjumSE\" width=\"600\" height=\"338\" frameborder=\"0\" marginwidth=\"0\" marginheight=\"0\" scrolling=\"no\"><\/iframe><\/p>\n<p>Facebook:<\/p>\n<p>https:\/\/www.facebook.com\/groups\/249522415826793\/<\/p>\n<p>https:\/\/www.facebook.com\/profile.php?id=61576798633169<\/p>\n<p>Instagram:<\/p>\n<p>https:\/\/www.instagram.com\/p\/DUBP5HEiIbe\/?utm_source=ig_web_copy_link&#038;igsh=NTc4MTIwNjQ2YQ==<\/p>\n<p>&nbsp;<\/p>\n<p>Surgical steel, glass, and rhodonite stone necklace and earrings for ladies with embedded genuine<span style=\"font-size: 16px\"> wings. The wings of the grasshopper Chondracris rosea, rose quartz. Necklace and earrings handmade with love and in harmony with nature. Suitable for every<\/span><span style=\"font-size: 16px\">casual wear and for company.<\/span><\/p>\n<p>Necklace and bracelet Chondracris rosea:<\/p>\n<ul>\n<li>product number EVK102<\/li>\n<li>surgical steel, glass, rose quartz mineral<\/li>\n<li>stud earrings<\/li>\n<li>diameter of the earring glass 8 mm<\/li>\n<li>weight of earrings 1,5 g<\/li>\n<li>Rosary heart size 20 - 20 mm<\/li>\n<li>necklace chain length adjustable 40 - 45 cm<\/li>\n<li>weight of the necklace 10,0 g<\/li>\n<li>packaging - paper box, cleaning cloth, car fragrance, organza bag, gift bag, information card<\/li>\n<\/ul>\n<\/div>\n<p><!-- .vgblk-rw-wrapper --><\/p>","protected":false},"excerpt":{"rendered":"<ul>\n<li>product number EVK102<\/li>\n<li>surgical steel, glass, rose quartz mineral<\/li>\n<li>stud earrings<\/li>\n<li>diameter of the earring glass 8 mm<\/li>\n<li>weight of earrings 1,9 g<\/li>\n<li>dimensions of the rose quartz heart 20 x 20 mm<\/li>\n<li>necklace chain length adjustable 40 - 45 cm<\/li>\n<li>weight of the necklace 10,0 g<\/li>\n<li>packaging - paper box, cleaning cloth, car fragrance, organza bag, gift bag, information card<\/li>\n<\/ul>","protected":false},"featured_media":992445,"template":"","meta":[],"product_brand":[],"product_cat":[70,67,66,30,199],"product_tag":[90,188,123,107,122,33,132,117,137,139,94,95,93,110,41,106,140,108,120,189,144,135,138],"class_list":{"0":"post-992485","1":"product","2":"type-product","3":"status-publish","4":"has-post-thumbnail","6":"product_cat-kolekcie","7":"product_cat-nahrdelniky","8":"product_cat-nausnice","9":"product_cat-sperky","10":"product_cat-valentinska-ponuka","11":"product_tag-butterflywings","12":"product_tag-chondracris-rosea","13":"product_tag-darcek-pre-milovnicku-prirody","14":"product_tag-darcek-pre-zenu","15":"product_tag-darcek-z-prirody","16":"product_tag-earrings","17":"product_tag-jedinecny-sperk","18":"product_tag-jemnost","19":"product_tag-jewelry-for-woman","20":"product_tag-jewelry-from-nature","21":"product_tag-kridlo","22":"product_tag-motyl","23":"product_tag-nahrdelnik","24":"product_tag-nausnice","25":"product_tag-necklaces","26":"product_tag-original","27":"product_tag-original-jewelry","28":"product_tag-prave-motylie-kridla","29":"product_tag-romanticky-darcek","30":"product_tag-ruzenin","31":"product_tag-sperky","32":"product_tag-sperky-pre-kazdu-prilezitost","33":"product_tag-wings-of-butterfly","35":"first","36":"instock","37":"taxable","38":"shipping-taxable","39":"purchasable","40":"product-type-simple"},"yoast_head":"<!-- This site is optimized with the Yoast SEO plugin v27.5 - https:\/\/yoast.com\/product\/yoast-seo-wordpress\/ -->\n<title>N\u00e1hrdeln\u00edk a n\u00e1u\u0161nice Chondracris rosea - ButterflyWings<\/title>\n<meta name=\"description\" content=\"\u0160perky zo skuto\u010dn\u00e9ho kr\u00eddla kobylky Chondracris rosea. Ru\u010dne vyroben\u00e9 s l\u00e1skou a v s\u00falade s pr\u00edrodou. \u0160perky vhodn\u00e9 na v\u0161etky pr\u00edle\u017eitosti.\" \/>\n<meta name=\"robots\" content=\"index, follow, max-snippet:-1, max-image-preview:large, max-video-preview:-1\" \/>\n<link rel=\"canonical\" href=\"https:\/\/www.butterflywings.sk\/en\/product\/chondracris-rosea-valentine-necklace-2\/\" \/>\n<meta property=\"og:locale\" content=\"en_GB\" \/>\n<meta property=\"og:type\" content=\"article\" \/>\n<meta property=\"og:title\" content=\"N\u00e1hrdeln\u00edk a n\u00e1u\u0161nice Chondracris rosea - ButterflyWings\" \/>\n<meta property=\"og:description\" content=\"\u0160perky zo skuto\u010dn\u00e9ho kr\u00eddla kobylky Chondracris rosea. Ru\u010dne vyroben\u00e9 s l\u00e1skou a v s\u00falade s pr\u00edrodou. \u0160perky vhodn\u00e9 na v\u0161etky pr\u00edle\u017eitosti.\" \/>\n<meta property=\"og:url\" content=\"https:\/\/www.butterflywings.sk\/en\/product\/chondracris-rosea-valentine-necklace-2\/\" \/>\n<meta property=\"og:site_name\" content=\"ButterflyWings\" \/>\n<meta property=\"article:modified_time\" content=\"2026-02-22T14:08:16+00:00\" \/>\n<meta property=\"og:image\" content=\"https:\/\/www.butterflywings.sk\/wp-content\/uploads\/2026\/02\/32-P1019340-scaled.webp\" \/>\n\t<meta property=\"og:image:width\" content=\"2560\" \/>\n\t<meta property=\"og:image:height\" content=\"1920\" \/>\n\t<meta property=\"og:image:type\" content=\"image\/webp\" \/>\n<meta name=\"twitter:card\" content=\"summary_large_image\" \/>\n<meta name=\"twitter:label1\" content=\"Estimated reading time\" \/>\n\t<meta name=\"twitter:data1\" content=\"2 minutes\" \/>\n<script type=\"application\/ld+json\" class=\"yoast-schema-graph\">{\"@context\":\"https:\\\/\\\/schema.org\",\"@graph\":[{\"@type\":\"WebPage\",\"@id\":\"https:\\\/\\\/www.butterflywings.sk\\\/produkt\\\/nahrdelnik-nausnice-chondracris-rosea-valentin\\\/\",\"url\":\"https:\\\/\\\/www.butterflywings.sk\\\/produkt\\\/nahrdelnik-nausnice-chondracris-rosea-valentin\\\/\",\"name\":\"N\u00e1hrdeln\u00edk a n\u00e1u\u0161nice Chondracris rosea - ButterflyWings\",\"isPartOf\":{\"@id\":\"https:\\\/\\\/www.butterflywings.sk\\\/#website\"},\"primaryImageOfPage\":{\"@id\":\"https:\\\/\\\/www.butterflywings.sk\\\/produkt\\\/nahrdelnik-nausnice-chondracris-rosea-valentin\\\/#primaryimage\"},\"image\":{\"@id\":\"https:\\\/\\\/www.butterflywings.sk\\\/produkt\\\/nahrdelnik-nausnice-chondracris-rosea-valentin\\\/#primaryimage\"},\"thumbnailUrl\":\"https:\\\/\\\/www.butterflywings.sk\\\/wp-content\\\/uploads\\\/2026\\\/02\\\/32-P1019340-scaled.webp\",\"datePublished\":\"2026-02-02T11:13:11+00:00\",\"dateModified\":\"2026-02-22T14:08:16+00:00\",\"description\":\"\u0160perky zo skuto\u010dn\u00e9ho kr\u00eddla kobylky Chondracris rosea. Ru\u010dne vyroben\u00e9 s l\u00e1skou a v s\u00falade s pr\u00edrodou. \u0160perky vhodn\u00e9 na v\u0161etky pr\u00edle\u017eitosti.\",\"breadcrumb\":{\"@id\":\"https:\\\/\\\/www.butterflywings.sk\\\/produkt\\\/nahrdelnik-nausnice-chondracris-rosea-valentin\\\/#breadcrumb\"},\"inLanguage\":\"en-GB\",\"potentialAction\":[{\"@type\":\"ReadAction\",\"target\":[\"https:\\\/\\\/www.butterflywings.sk\\\/produkt\\\/nahrdelnik-nausnice-chondracris-rosea-valentin\\\/\"]}]},{\"@type\":\"ImageObject\",\"inLanguage\":\"en-GB\",\"@id\":\"https:\\\/\\\/www.butterflywings.sk\\\/produkt\\\/nahrdelnik-nausnice-chondracris-rosea-valentin\\\/#primaryimage\",\"url\":\"https:\\\/\\\/www.butterflywings.sk\\\/wp-content\\\/uploads\\\/2026\\\/02\\\/32-P1019340-scaled.webp\",\"contentUrl\":\"https:\\\/\\\/www.butterflywings.sk\\\/wp-content\\\/uploads\\\/2026\\\/02\\\/32-P1019340-scaled.webp\",\"width\":2560,\"height\":1920},{\"@type\":\"BreadcrumbList\",\"@id\":\"https:\\\/\\\/www.butterflywings.sk\\\/produkt\\\/nahrdelnik-nausnice-chondracris-rosea-valentin\\\/#breadcrumb\",\"itemListElement\":[{\"@type\":\"ListItem\",\"position\":1,\"name\":\"Domovsk\u00e1 str\u00e1nka\",\"item\":\"https:\\\/\\\/www.butterflywings.sk\\\/\"},{\"@type\":\"ListItem\",\"position\":2,\"name\":\"Obchod\",\"item\":\"https:\\\/\\\/www.butterflywings.sk\\\/obchod\\\/\"},{\"@type\":\"ListItem\",\"position\":3,\"name\":\"N\u00e1hrdeln\u00edk a n\u00e1u\u0161nice Chondracris rosea\"}]},{\"@type\":\"WebSite\",\"@id\":\"https:\\\/\\\/www.butterflywings.sk\\\/#website\",\"url\":\"https:\\\/\\\/www.butterflywings.sk\\\/\",\"name\":\"ButterflyWings\",\"description\":\"\u0160perky z mot\u00fdl\u00edch kr\u00eddel\",\"publisher\":{\"@id\":\"https:\\\/\\\/www.butterflywings.sk\\\/#organization\"},\"potentialAction\":[{\"@type\":\"SearchAction\",\"target\":{\"@type\":\"EntryPoint\",\"urlTemplate\":\"https:\\\/\\\/www.butterflywings.sk\\\/?s={search_term_string}\"},\"query-input\":{\"@type\":\"PropertyValueSpecification\",\"valueRequired\":true,\"valueName\":\"search_term_string\"}}],\"inLanguage\":\"en-GB\"},{\"@type\":\"Organization\",\"@id\":\"https:\\\/\\\/www.butterflywings.sk\\\/#organization\",\"name\":\"ButterflyWings\",\"url\":\"https:\\\/\\\/www.butterflywings.sk\\\/\",\"logo\":{\"@type\":\"ImageObject\",\"inLanguage\":\"en-GB\",\"@id\":\"https:\\\/\\\/www.butterflywings.sk\\\/#\\\/schema\\\/logo\\\/image\\\/\",\"url\":\"https:\\\/\\\/www.butterflywings.sk\\\/wp-content\\\/uploads\\\/2020\\\/02\\\/Snimka_obrazovky_2025-05-22_o_12.37.48-removebg-preview.png\",\"contentUrl\":\"https:\\\/\\\/www.butterflywings.sk\\\/wp-content\\\/uploads\\\/2020\\\/02\\\/Snimka_obrazovky_2025-05-22_o_12.37.48-removebg-preview.png\",\"width\":776,\"height\":322,\"caption\":\"ButterflyWings\"},\"image\":{\"@id\":\"https:\\\/\\\/www.butterflywings.sk\\\/#\\\/schema\\\/logo\\\/image\\\/\"}}]}<\/script>\n<!-- \/ Yoast SEO plugin. -->","yoast_head_json":{"title":"Necklace and earrings Chondracris rosea - ButterflyWings","description":"Jewellery made from a real locust wing Chondracris rosea. Handmade with love and in harmony with nature. Jewellery suitable for all occasions.","robots":{"index":"index","follow":"follow","max-snippet":"max-snippet:-1","max-image-preview":"max-image-preview:large","max-video-preview":"max-video-preview:-1"},"canonical":"https:\/\/www.butterflywings.sk\/en\/product\/chondracris-rosea-valentine-necklace-2\/","og_locale":"en_GB","og_type":"article","og_title":"N\u00e1hrdeln\u00edk a n\u00e1u\u0161nice Chondracris rosea - ButterflyWings","og_description":"\u0160perky zo skuto\u010dn\u00e9ho kr\u00eddla kobylky Chondracris rosea. Ru\u010dne vyroben\u00e9 s l\u00e1skou a v s\u00falade s pr\u00edrodou. \u0160perky vhodn\u00e9 na v\u0161etky pr\u00edle\u017eitosti.","og_url":"https:\/\/www.butterflywings.sk\/en\/product\/chondracris-rosea-valentine-necklace-2\/","og_site_name":"ButterflyWings","article_modified_time":"2026-02-22T14:08:16+00:00","og_image":[{"width":2560,"height":1920,"url":"https:\/\/www.butterflywings.sk\/wp-content\/uploads\/2026\/02\/32-P1019340-scaled.webp","type":"image\/webp"}],"twitter_card":"summary_large_image","twitter_misc":{"Estimated reading time":"2 minutes"},"schema":{"@context":"https:\/\/schema.org","@graph":[{"@type":"WebPage","@id":"https:\/\/www.butterflywings.sk\/produkt\/nahrdelnik-nausnice-chondracris-rosea-valentin\/","url":"https:\/\/www.butterflywings.sk\/produkt\/nahrdelnik-nausnice-chondracris-rosea-valentin\/","name":"Necklace and earrings Chondracris rosea - ButterflyWings","isPartOf":{"@id":"https:\/\/www.butterflywings.sk\/#website"},"primaryImageOfPage":{"@id":"https:\/\/www.butterflywings.sk\/produkt\/nahrdelnik-nausnice-chondracris-rosea-valentin\/#primaryimage"},"image":{"@id":"https:\/\/www.butterflywings.sk\/produkt\/nahrdelnik-nausnice-chondracris-rosea-valentin\/#primaryimage"},"thumbnailUrl":"https:\/\/www.butterflywings.sk\/wp-content\/uploads\/2026\/02\/32-P1019340-scaled.webp","datePublished":"2026-02-02T11:13:11+00:00","dateModified":"2026-02-22T14:08:16+00:00","description":"Jewellery made from a real locust wing Chondracris rosea. Handmade with love and in harmony with nature. Jewellery suitable for all occasions.","breadcrumb":{"@id":"https:\/\/www.butterflywings.sk\/produkt\/nahrdelnik-nausnice-chondracris-rosea-valentin\/#breadcrumb"},"inLanguage":"en-GB","potentialAction":[{"@type":"ReadAction","target":["https:\/\/www.butterflywings.sk\/produkt\/nahrdelnik-nausnice-chondracris-rosea-valentin\/"]}]},{"@type":"ImageObject","inLanguage":"en-GB","@id":"https:\/\/www.butterflywings.sk\/produkt\/nahrdelnik-nausnice-chondracris-rosea-valentin\/#primaryimage","url":"https:\/\/www.butterflywings.sk\/wp-content\/uploads\/2026\/02\/32-P1019340-scaled.webp","contentUrl":"https:\/\/www.butterflywings.sk\/wp-content\/uploads\/2026\/02\/32-P1019340-scaled.webp","width":2560,"height":1920},{"@type":"BreadcrumbList","@id":"https:\/\/www.butterflywings.sk\/produkt\/nahrdelnik-nausnice-chondracris-rosea-valentin\/#breadcrumb","itemListElement":[{"@type":"ListItem","position":1,"name":"Domovsk\u00e1 str\u00e1nka","item":"https:\/\/www.butterflywings.sk\/"},{"@type":"ListItem","position":2,"name":"Obchod","item":"https:\/\/www.butterflywings.sk\/obchod\/"},{"@type":"ListItem","position":3,"name":"N\u00e1hrdeln\u00edk a n\u00e1u\u0161nice Chondracris rosea"}]},{"@type":"WebSite","@id":"https:\/\/www.butterflywings.sk\/#website","url":"https:\/\/www.butterflywings.sk\/","name":"ButterflyWings","description":"Jewellery made of butterfly wings","publisher":{"@id":"https:\/\/www.butterflywings.sk\/#organization"},"potentialAction":[{"@type":"SearchAction","target":{"@type":"EntryPoint","urlTemplate":"https:\/\/www.butterflywings.sk\/?s={search_term_string}"},"query-input":{"@type":"PropertyValueSpecification","valueRequired":true,"valueName":"search_term_string"}}],"inLanguage":"en-GB"},{"@type":"Organization","@id":"https:\/\/www.butterflywings.sk\/#organization","name":"ButterflyWings","url":"https:\/\/www.butterflywings.sk\/","logo":{"@type":"ImageObject","inLanguage":"en-GB","@id":"https:\/\/www.butterflywings.sk\/#\/schema\/logo\/image\/","url":"https:\/\/www.butterflywings.sk\/wp-content\/uploads\/2020\/02\/Snimka_obrazovky_2025-05-22_o_12.37.48-removebg-preview.png","contentUrl":"https:\/\/www.butterflywings.sk\/wp-content\/uploads\/2020\/02\/Snimka_obrazovky_2025-05-22_o_12.37.48-removebg-preview.png","width":776,"height":322,"caption":"ButterflyWings"},"image":{"@id":"https:\/\/www.butterflywings.sk\/#\/schema\/logo\/image\/"}}]}},"_links":{"self":[{"href":"https:\/\/www.butterflywings.sk\/en\/wp-json\/wp\/v2\/product\/992485","targetHints":{"allow":["GET"]}}],"collection":[{"href":"https:\/\/www.butterflywings.sk\/en\/wp-json\/wp\/v2\/product"}],"about":[{"href":"https:\/\/www.butterflywings.sk\/en\/wp-json\/wp\/v2\/types\/product"}],"version-history":[{"count":4,"href":"https:\/\/www.butterflywings.sk\/en\/wp-json\/wp\/v2\/product\/992485\/revisions"}],"predecessor-version":[{"id":992605,"href":"https:\/\/www.butterflywings.sk\/en\/wp-json\/wp\/v2\/product\/992485\/revisions\/992605"}],"wp:featuredmedia":[{"embeddable":true,"href":"https:\/\/www.butterflywings.sk\/en\/wp-json\/wp\/v2\/media\/992445"}],"wp:attachment":[{"href":"https:\/\/www.butterflywings.sk\/en\/wp-json\/wp\/v2\/media?parent=992485"}],"wp:term":[{"taxonomy":"product_brand","embeddable":true,"href":"https:\/\/www.butterflywings.sk\/en\/wp-json\/wp\/v2\/product_brand?post=992485"},{"taxonomy":"product_cat","embeddable":true,"href":"https:\/\/www.butterflywings.sk\/en\/wp-json\/wp\/v2\/product_cat?post=992485"},{"taxonomy":"product_tag","embeddable":true,"href":"https:\/\/www.butterflywings.sk\/en\/wp-json\/wp\/v2\/product_tag?post=992485"}],"curies":[{"name":"wp","href":"https:\/\/api.w.org\/{rel}","templated":true}]}}