{"id":992146,"date":"2025-12-06T13:24:53","date_gmt":"2025-12-06T12:24:53","guid":{"rendered":"https:\/\/www.butterflywings.sk\/?post_type=product&#038;p=992146"},"modified":"2026-01-27T17:31:26","modified_gmt":"2026-01-27T16:31:26","slug":"https-www-butterflywings-sk-product-edition-sapphire-bloom","status":"publish","type":"product","link":"https:\/\/www.butterflywings.sk\/en\/product\/https-www-butterflywings-sk-product-edition-sapphire-bloom\/","title":{"rendered":"Limited Edition Sapphire Bloom"},"content":{"rendered":"<div class=\"vgblk-rw-wrapper limit-wrapper\">Jedine\u010dn\u00e1 limitovan\u00e1 ed\u00edcia Sapphire Bloom, ktor\u00e1 sa nebude opakova\u0165. Len jedna&#8230; len pre Teba. Limitovan\u00e1 ed\u00edcia Sapphire Bloom \u2013 ako modr\u00e1 noc uprostred zimy&#8230; Obdaruj seba alebo svojich bl\u00edzkych &#8222;limitkou&#8220;, ktor\u00e1 je jedin\u00e1 a neopakovate\u013en\u00e1. \u0160perky s\u00fa vyroben\u00e9 so skuto\u010dn\u00fdch kr\u00eddel mot\u00fd\u013ea Morpho rhetenor helena. S\u00fa\u010das\u0165ou tejto limitovanej ed\u00edcie je aj v\u00f4\u0148a do auta v sklenenom flak\u00f3niku, organzov\u00e9 vrec\u00fa\u0161ko, karta s inform\u00e1ciami o mot\u00fd\u013eovi a starostlivosti o \u0161perky, \u010distiaca handri\u010dka, dar\u010dekov\u00e1 krabi\u010dka a ta\u0161ka.<\/p>\n<ul>\n<li>product number EB104<\/li>\n<li>wings of the butterfly Morpho rhetenor helena<\/li>\n<li>consists of a necklace, earrings and a ring<\/li>\n<li>surgical steel, glass<\/li>\n<li>Necklace: glass \u00d8 12 mm, chain length - adjustable 40 - 45 cm, weight 3,0 g, clasp - carabiner<\/li>\n<li>ring: slide \u00d8 8 mm, weight 1,3 g<\/li>\n<li>stud earrings: slide \u00d8 8 mm, weight 1,3 g<\/li>\n<li>includes car fragrance in glass bottle, organza bag, information card, cleaning cloth<\/li>\n<li>packaging: luxury jewelry box (9,5 x 9,5 cm), luxury paper bag (28 x 20 cm)<\/li>\n<li>total weight of the product with packaging 184.9 g<\/li>\n<\/ul>\n<\/div>\n<p><!-- .vgblk-rw-wrapper --><\/p>","protected":false},"excerpt":{"rendered":"<ul>\n<li>product number EB104<\/li>\n<li>wings of the butterfly Morpho rhetenor helena<\/li>\n<li>consists of a necklace, earrings and a ring<\/li>\n<li>surgical steel, glass<\/li>\n<li>Necklace: glass \u00d8 12 mm, chain length - adjustable 40 - 45 cm, weight 3,0 g, clasp - carabiner<\/li>\n<li>ring: slide \u00d8 8 mm, weight 1,3 g<\/li>\n<li>stud earrings: slide \u00d8 8 mm, weight 1,3 g<\/li>\n<li>includes car fragrance in glass bottle, organza bag, information card, cleaning cloth<\/li>\n<li>packaging: luxury jewelry box (9,5 x 9,5 cm), luxury paper bag (28 x 20 cm)<\/li>\n<li>total weight of the product with packaging 184.9 g<\/li>\n<\/ul>","protected":false},"featured_media":992158,"template":"","meta":[],"product_brand":[],"product_cat":[91],"product_tag":[122,99,132,117,137,139,94,165,125,168,95,92,140,108,120,167,135,100,138],"class_list":{"0":"post-992146","1":"product","2":"type-product","3":"status-publish","4":"has-post-thumbnail","6":"product_cat-edicia","7":"product_tag-darcek-z-prirody","8":"product_tag-edicia","9":"product_tag-jedinecny-sperk","10":"product_tag-jemnost","11":"product_tag-jewelry-for-woman","12":"product_tag-jewelry-from-nature","13":"product_tag-kridlo","14":"product_tag-limitovana-edicia","15":"product_tag-limitovany-sperk","16":"product_tag-morpho-rhetenor-helena","17":"product_tag-motyl","18":"product_tag-novinka","19":"product_tag-original-jewelry","20":"product_tag-prave-motylie-kridla","21":"product_tag-romanticky-darcek","22":"product_tag-sapphire-bloom","23":"product_tag-sperky-pre-kazdu-prilezitost","24":"product_tag-vianoce","25":"product_tag-wings-of-butterfly","27":"first","28":"instock","29":"featured","30":"taxable","31":"shipping-taxable","32":"purchasable","33":"product-type-simple"},"yoast_head":"<!-- This site is optimized with the Yoast SEO plugin v27.5 - https:\/\/yoast.com\/product\/yoast-seo-wordpress\/ -->\n<title>Limitovan\u00e1 ed\u00edcia Sapphire Bloom - ButterflyWings<\/title>\n<meta name=\"description\" content=\"Limitovan\u00e1 ed\u00edcia Sapphire Bloom, zo skuto\u010dn\u00fdch kr\u00eddel mot\u00fd\u013ea. Vyroben\u00e1 ru\u010dne s l\u00e1skou a v s\u00falade s pr\u00edrodou. Limitovan\u00e1 ed\u00edcia \u0161perkov iba pre V\u00e1s.\" \/>\n<meta name=\"robots\" content=\"index, follow, max-snippet:-1, max-image-preview:large, max-video-preview:-1\" \/>\n<link rel=\"canonical\" href=\"https:\/\/www.butterflywings.sk\/en\/product\/https-www-butterflywings-sk-product-edition-sapphire-bloom\/\" \/>\n<meta property=\"og:locale\" content=\"en_GB\" \/>\n<meta property=\"og:type\" content=\"article\" \/>\n<meta property=\"og:title\" content=\"Limitovan\u00e1 ed\u00edcia Sapphire Bloom - ButterflyWings\" \/>\n<meta property=\"og:description\" content=\"Limitovan\u00e1 ed\u00edcia Sapphire Bloom, zo skuto\u010dn\u00fdch kr\u00eddel mot\u00fd\u013ea. Vyroben\u00e1 ru\u010dne s l\u00e1skou a v s\u00falade s pr\u00edrodou. Limitovan\u00e1 ed\u00edcia \u0161perkov iba pre V\u00e1s.\" \/>\n<meta property=\"og:url\" content=\"https:\/\/www.butterflywings.sk\/en\/product\/https-www-butterflywings-sk-product-edition-sapphire-bloom\/\" \/>\n<meta property=\"og:site_name\" content=\"ButterflyWings\" \/>\n<meta property=\"article:modified_time\" content=\"2026-01-27T16:31:26+00:00\" \/>\n<meta property=\"og:image\" content=\"https:\/\/www.butterflywings.sk\/wp-content\/uploads\/2025\/12\/9-P1019306-scaled.webp\" \/>\n\t<meta property=\"og:image:width\" content=\"2560\" \/>\n\t<meta property=\"og:image:height\" content=\"1920\" \/>\n\t<meta property=\"og:image:type\" content=\"image\/webp\" \/>\n<meta name=\"twitter:card\" content=\"summary_large_image\" \/>\n<meta name=\"twitter:label1\" content=\"Estimated reading time\" \/>\n\t<meta name=\"twitter:data1\" content=\"2 minutes\" \/>\n<script type=\"application\/ld+json\" class=\"yoast-schema-graph\">{\"@context\":\"https:\\\/\\\/schema.org\",\"@graph\":[{\"@type\":\"WebPage\",\"@id\":\"https:\\\/\\\/www.butterflywings.sk\\\/produkt\\\/https-www-butterflywings-sk-produkt-edicia-sapphire-bloom\\\/\",\"url\":\"https:\\\/\\\/www.butterflywings.sk\\\/produkt\\\/https-www-butterflywings-sk-produkt-edicia-sapphire-bloom\\\/\",\"name\":\"Limitovan\u00e1 ed\u00edcia Sapphire Bloom - ButterflyWings\",\"isPartOf\":{\"@id\":\"https:\\\/\\\/www.butterflywings.sk\\\/#website\"},\"primaryImageOfPage\":{\"@id\":\"https:\\\/\\\/www.butterflywings.sk\\\/produkt\\\/https-www-butterflywings-sk-produkt-edicia-sapphire-bloom\\\/#primaryimage\"},\"image\":{\"@id\":\"https:\\\/\\\/www.butterflywings.sk\\\/produkt\\\/https-www-butterflywings-sk-produkt-edicia-sapphire-bloom\\\/#primaryimage\"},\"thumbnailUrl\":\"https:\\\/\\\/www.butterflywings.sk\\\/wp-content\\\/uploads\\\/2025\\\/12\\\/9-P1019306-scaled.webp\",\"datePublished\":\"2025-12-06T12:24:53+00:00\",\"dateModified\":\"2026-01-27T16:31:26+00:00\",\"description\":\"Limitovan\u00e1 ed\u00edcia Sapphire Bloom, zo skuto\u010dn\u00fdch kr\u00eddel mot\u00fd\u013ea. Vyroben\u00e1 ru\u010dne s l\u00e1skou a v s\u00falade s pr\u00edrodou. Limitovan\u00e1 ed\u00edcia \u0161perkov iba pre V\u00e1s.\",\"breadcrumb\":{\"@id\":\"https:\\\/\\\/www.butterflywings.sk\\\/produkt\\\/https-www-butterflywings-sk-produkt-edicia-sapphire-bloom\\\/#breadcrumb\"},\"inLanguage\":\"en-GB\",\"potentialAction\":[{\"@type\":\"ReadAction\",\"target\":[\"https:\\\/\\\/www.butterflywings.sk\\\/produkt\\\/https-www-butterflywings-sk-produkt-edicia-sapphire-bloom\\\/\"]}]},{\"@type\":\"ImageObject\",\"inLanguage\":\"en-GB\",\"@id\":\"https:\\\/\\\/www.butterflywings.sk\\\/produkt\\\/https-www-butterflywings-sk-produkt-edicia-sapphire-bloom\\\/#primaryimage\",\"url\":\"https:\\\/\\\/www.butterflywings.sk\\\/wp-content\\\/uploads\\\/2025\\\/12\\\/9-P1019306-scaled.webp\",\"contentUrl\":\"https:\\\/\\\/www.butterflywings.sk\\\/wp-content\\\/uploads\\\/2025\\\/12\\\/9-P1019306-scaled.webp\",\"width\":2560,\"height\":1920},{\"@type\":\"BreadcrumbList\",\"@id\":\"https:\\\/\\\/www.butterflywings.sk\\\/produkt\\\/https-www-butterflywings-sk-produkt-edicia-sapphire-bloom\\\/#breadcrumb\",\"itemListElement\":[{\"@type\":\"ListItem\",\"position\":1,\"name\":\"Domovsk\u00e1 str\u00e1nka\",\"item\":\"https:\\\/\\\/www.butterflywings.sk\\\/\"},{\"@type\":\"ListItem\",\"position\":2,\"name\":\"Obchod\",\"item\":\"https:\\\/\\\/www.butterflywings.sk\\\/obchod\\\/\"},{\"@type\":\"ListItem\",\"position\":3,\"name\":\"Limitovan\u00e1 ed\u00edcia Sapphire Bloom\"}]},{\"@type\":\"WebSite\",\"@id\":\"https:\\\/\\\/www.butterflywings.sk\\\/#website\",\"url\":\"https:\\\/\\\/www.butterflywings.sk\\\/\",\"name\":\"ButterflyWings\",\"description\":\"\u0160perky z mot\u00fdl\u00edch kr\u00eddel\",\"publisher\":{\"@id\":\"https:\\\/\\\/www.butterflywings.sk\\\/#organization\"},\"potentialAction\":[{\"@type\":\"SearchAction\",\"target\":{\"@type\":\"EntryPoint\",\"urlTemplate\":\"https:\\\/\\\/www.butterflywings.sk\\\/?s={search_term_string}\"},\"query-input\":{\"@type\":\"PropertyValueSpecification\",\"valueRequired\":true,\"valueName\":\"search_term_string\"}}],\"inLanguage\":\"en-GB\"},{\"@type\":\"Organization\",\"@id\":\"https:\\\/\\\/www.butterflywings.sk\\\/#organization\",\"name\":\"ButterflyWings\",\"url\":\"https:\\\/\\\/www.butterflywings.sk\\\/\",\"logo\":{\"@type\":\"ImageObject\",\"inLanguage\":\"en-GB\",\"@id\":\"https:\\\/\\\/www.butterflywings.sk\\\/#\\\/schema\\\/logo\\\/image\\\/\",\"url\":\"https:\\\/\\\/www.butterflywings.sk\\\/wp-content\\\/uploads\\\/2020\\\/02\\\/Snimka_obrazovky_2025-05-22_o_12.37.48-removebg-preview.png\",\"contentUrl\":\"https:\\\/\\\/www.butterflywings.sk\\\/wp-content\\\/uploads\\\/2020\\\/02\\\/Snimka_obrazovky_2025-05-22_o_12.37.48-removebg-preview.png\",\"width\":776,\"height\":322,\"caption\":\"ButterflyWings\"},\"image\":{\"@id\":\"https:\\\/\\\/www.butterflywings.sk\\\/#\\\/schema\\\/logo\\\/image\\\/\"}}]}<\/script>\n<!-- \/ Yoast SEO plugin. -->","yoast_head_json":{"title":"Limited Edition Sapphire Bloom - ButterflyWings","description":"Limited edition Sapphire Bloom, made from real butterfly wings. Handmade with love and in harmony with nature. Limited edition jewellery just for you.","robots":{"index":"index","follow":"follow","max-snippet":"max-snippet:-1","max-image-preview":"max-image-preview:large","max-video-preview":"max-video-preview:-1"},"canonical":"https:\/\/www.butterflywings.sk\/en\/product\/https-www-butterflywings-sk-product-edition-sapphire-bloom\/","og_locale":"en_GB","og_type":"article","og_title":"Limitovan\u00e1 ed\u00edcia Sapphire Bloom - ButterflyWings","og_description":"Limitovan\u00e1 ed\u00edcia Sapphire Bloom, zo skuto\u010dn\u00fdch kr\u00eddel mot\u00fd\u013ea. Vyroben\u00e1 ru\u010dne s l\u00e1skou a v s\u00falade s pr\u00edrodou. Limitovan\u00e1 ed\u00edcia \u0161perkov iba pre V\u00e1s.","og_url":"https:\/\/www.butterflywings.sk\/en\/product\/https-www-butterflywings-sk-product-edition-sapphire-bloom\/","og_site_name":"ButterflyWings","article_modified_time":"2026-01-27T16:31:26+00:00","og_image":[{"width":2560,"height":1920,"url":"https:\/\/www.butterflywings.sk\/wp-content\/uploads\/2025\/12\/9-P1019306-scaled.webp","type":"image\/webp"}],"twitter_card":"summary_large_image","twitter_misc":{"Estimated reading time":"2 minutes"},"schema":{"@context":"https:\/\/schema.org","@graph":[{"@type":"WebPage","@id":"https:\/\/www.butterflywings.sk\/produkt\/https-www-butterflywings-sk-produkt-edicia-sapphire-bloom\/","url":"https:\/\/www.butterflywings.sk\/produkt\/https-www-butterflywings-sk-produkt-edicia-sapphire-bloom\/","name":"Limited Edition Sapphire Bloom - ButterflyWings","isPartOf":{"@id":"https:\/\/www.butterflywings.sk\/#website"},"primaryImageOfPage":{"@id":"https:\/\/www.butterflywings.sk\/produkt\/https-www-butterflywings-sk-produkt-edicia-sapphire-bloom\/#primaryimage"},"image":{"@id":"https:\/\/www.butterflywings.sk\/produkt\/https-www-butterflywings-sk-produkt-edicia-sapphire-bloom\/#primaryimage"},"thumbnailUrl":"https:\/\/www.butterflywings.sk\/wp-content\/uploads\/2025\/12\/9-P1019306-scaled.webp","datePublished":"2025-12-06T12:24:53+00:00","dateModified":"2026-01-27T16:31:26+00:00","description":"Limited edition Sapphire Bloom, made from real butterfly wings. Handmade with love and in harmony with nature. Limited edition jewellery just for you.","breadcrumb":{"@id":"https:\/\/www.butterflywings.sk\/produkt\/https-www-butterflywings-sk-produkt-edicia-sapphire-bloom\/#breadcrumb"},"inLanguage":"en-GB","potentialAction":[{"@type":"ReadAction","target":["https:\/\/www.butterflywings.sk\/produkt\/https-www-butterflywings-sk-produkt-edicia-sapphire-bloom\/"]}]},{"@type":"ImageObject","inLanguage":"en-GB","@id":"https:\/\/www.butterflywings.sk\/produkt\/https-www-butterflywings-sk-produkt-edicia-sapphire-bloom\/#primaryimage","url":"https:\/\/www.butterflywings.sk\/wp-content\/uploads\/2025\/12\/9-P1019306-scaled.webp","contentUrl":"https:\/\/www.butterflywings.sk\/wp-content\/uploads\/2025\/12\/9-P1019306-scaled.webp","width":2560,"height":1920},{"@type":"BreadcrumbList","@id":"https:\/\/www.butterflywings.sk\/produkt\/https-www-butterflywings-sk-produkt-edicia-sapphire-bloom\/#breadcrumb","itemListElement":[{"@type":"ListItem","position":1,"name":"Domovsk\u00e1 str\u00e1nka","item":"https:\/\/www.butterflywings.sk\/"},{"@type":"ListItem","position":2,"name":"Obchod","item":"https:\/\/www.butterflywings.sk\/obchod\/"},{"@type":"ListItem","position":3,"name":"Limitovan\u00e1 ed\u00edcia Sapphire Bloom"}]},{"@type":"WebSite","@id":"https:\/\/www.butterflywings.sk\/#website","url":"https:\/\/www.butterflywings.sk\/","name":"ButterflyWings","description":"Jewellery made of butterfly wings","publisher":{"@id":"https:\/\/www.butterflywings.sk\/#organization"},"potentialAction":[{"@type":"SearchAction","target":{"@type":"EntryPoint","urlTemplate":"https:\/\/www.butterflywings.sk\/?s={search_term_string}"},"query-input":{"@type":"PropertyValueSpecification","valueRequired":true,"valueName":"search_term_string"}}],"inLanguage":"en-GB"},{"@type":"Organization","@id":"https:\/\/www.butterflywings.sk\/#organization","name":"ButterflyWings","url":"https:\/\/www.butterflywings.sk\/","logo":{"@type":"ImageObject","inLanguage":"en-GB","@id":"https:\/\/www.butterflywings.sk\/#\/schema\/logo\/image\/","url":"https:\/\/www.butterflywings.sk\/wp-content\/uploads\/2020\/02\/Snimka_obrazovky_2025-05-22_o_12.37.48-removebg-preview.png","contentUrl":"https:\/\/www.butterflywings.sk\/wp-content\/uploads\/2020\/02\/Snimka_obrazovky_2025-05-22_o_12.37.48-removebg-preview.png","width":776,"height":322,"caption":"ButterflyWings"},"image":{"@id":"https:\/\/www.butterflywings.sk\/#\/schema\/logo\/image\/"}}]}},"_links":{"self":[{"href":"https:\/\/www.butterflywings.sk\/en\/wp-json\/wp\/v2\/product\/992146","targetHints":{"allow":["GET"]}}],"collection":[{"href":"https:\/\/www.butterflywings.sk\/en\/wp-json\/wp\/v2\/product"}],"about":[{"href":"https:\/\/www.butterflywings.sk\/en\/wp-json\/wp\/v2\/types\/product"}],"version-history":[{"count":4,"href":"https:\/\/www.butterflywings.sk\/en\/wp-json\/wp\/v2\/product\/992146\/revisions"}],"predecessor-version":[{"id":992311,"href":"https:\/\/www.butterflywings.sk\/en\/wp-json\/wp\/v2\/product\/992146\/revisions\/992311"}],"wp:featuredmedia":[{"embeddable":true,"href":"https:\/\/www.butterflywings.sk\/en\/wp-json\/wp\/v2\/media\/992158"}],"wp:attachment":[{"href":"https:\/\/www.butterflywings.sk\/en\/wp-json\/wp\/v2\/media?parent=992146"}],"wp:term":[{"taxonomy":"product_brand","embeddable":true,"href":"https:\/\/www.butterflywings.sk\/en\/wp-json\/wp\/v2\/product_brand?post=992146"},{"taxonomy":"product_cat","embeddable":true,"href":"https:\/\/www.butterflywings.sk\/en\/wp-json\/wp\/v2\/product_cat?post=992146"},{"taxonomy":"product_tag","embeddable":true,"href":"https:\/\/www.butterflywings.sk\/en\/wp-json\/wp\/v2\/product_tag?post=992146"}],"curies":[{"name":"wp","href":"https:\/\/api.w.org\/{rel}","templated":true}]}}