{"id":989991,"date":"2025-06-12T11:11:03","date_gmt":"2025-06-12T09:11:03","guid":{"rendered":"https:\/\/www.butterflywings.sk\/produkt\/prsten-danaus-plexippus-3\/"},"modified":"2026-01-21T13:48:16","modified_gmt":"2026-01-21T12:48:16","slug":"danaus-plexippus-ring-3","status":"publish","type":"product","link":"https:\/\/www.butterflywings.sk\/en\/product\/danaus-plexippus-ring-3\/","title":{"rendered":"Ring Danaus plexippus"},"content":{"rendered":"","protected":false},"excerpt":{"rendered":"<ul>\n<li>product number EP111<\/li>\n<li>surgical steel, glass<\/li>\n<li>Glass slide \u00d8 10 mm<\/li>\n<li>weight 1,7 g<\/li>\n<li>packaging - velvet box, cleaning cloth, gift bag<\/li>\n<\/ul>","protected":false},"featured_media":991762,"template":"","meta":[],"product_brand":[],"product_cat":[68,30],"product_tag":[90,123,107,132,117,137,139,106,140,108,143,47,135,138],"class_list":{"0":"post-989991","1":"product","2":"type-product","3":"status-publish","4":"has-post-thumbnail","6":"product_cat-prstene","7":"product_cat-sperky","8":"product_tag-butterflywings","9":"product_tag-darcek-pre-milovnicku-prirody","10":"product_tag-darcek-pre-zenu","11":"product_tag-jedinecny-sperk","12":"product_tag-jemnost","13":"product_tag-jewelry-for-woman","14":"product_tag-jewelry-from-nature","15":"product_tag-original","16":"product_tag-original-jewelry","17":"product_tag-prave-motylie-kridla","18":"product_tag-prsten","19":"product_tag-ring","20":"product_tag-sperky-pre-kazdu-prilezitost","21":"product_tag-wings-of-butterfly","23":"first","24":"instock","25":"taxable","26":"shipping-taxable","27":"purchasable","28":"product-type-simple"},"yoast_head":"<!-- This site is optimized with the Yoast SEO plugin v27.5 - https:\/\/yoast.com\/product\/yoast-seo-wordpress\/ -->\n<title>Prste\u0148 Danaus plexippus - ButterflyWings<\/title>\n<meta name=\"description\" content=\"Prste\u0148 zo skuto\u010dn\u00e9ho kr\u00eddla mot\u00fd\u013ea Danaus plexippus\" \/>\n<meta name=\"robots\" content=\"index, follow, max-snippet:-1, max-image-preview:large, max-video-preview:-1\" \/>\n<link rel=\"canonical\" href=\"https:\/\/www.butterflywings.sk\/en\/product\/danaus-plexippus-ring-3\/\" \/>\n<meta property=\"og:locale\" content=\"en_GB\" \/>\n<meta property=\"og:type\" content=\"article\" \/>\n<meta property=\"og:title\" content=\"Prste\u0148 Danaus plexippus - ButterflyWings\" \/>\n<meta property=\"og:description\" content=\"Prste\u0148 zo skuto\u010dn\u00e9ho kr\u00eddla mot\u00fd\u013ea Danaus plexippus\" \/>\n<meta property=\"og:url\" content=\"https:\/\/www.butterflywings.sk\/en\/product\/danaus-plexippus-ring-3\/\" \/>\n<meta property=\"og:site_name\" content=\"ButterflyWings\" \/>\n<meta property=\"article:modified_time\" content=\"2026-01-21T12:48:16+00:00\" \/>\n<meta property=\"og:image\" content=\"https:\/\/www.butterflywings.sk\/wp-content\/uploads\/2025\/09\/37-P1019110-scaled.webp\" \/>\n\t<meta property=\"og:image:width\" content=\"2560\" \/>\n\t<meta property=\"og:image:height\" content=\"1920\" \/>\n\t<meta property=\"og:image:type\" content=\"image\/webp\" \/>\n<meta name=\"twitter:card\" content=\"summary_large_image\" \/>\n<meta name=\"twitter:label1\" content=\"Estimated reading time\" \/>\n\t<meta name=\"twitter:data1\" content=\"1 minute\" \/>\n<script type=\"application\/ld+json\" class=\"yoast-schema-graph\">{\"@context\":\"https:\\\/\\\/schema.org\",\"@graph\":[{\"@type\":\"WebPage\",\"@id\":\"https:\\\/\\\/www.butterflywings.sk\\\/produkt\\\/prsten-danaus-plexippus-3\\\/\",\"url\":\"https:\\\/\\\/www.butterflywings.sk\\\/produkt\\\/prsten-danaus-plexippus-3\\\/\",\"name\":\"Prste\u0148 Danaus plexippus - ButterflyWings\",\"isPartOf\":{\"@id\":\"https:\\\/\\\/www.butterflywings.sk\\\/#website\"},\"primaryImageOfPage\":{\"@id\":\"https:\\\/\\\/www.butterflywings.sk\\\/produkt\\\/prsten-danaus-plexippus-3\\\/#primaryimage\"},\"image\":{\"@id\":\"https:\\\/\\\/www.butterflywings.sk\\\/produkt\\\/prsten-danaus-plexippus-3\\\/#primaryimage\"},\"thumbnailUrl\":\"https:\\\/\\\/www.butterflywings.sk\\\/wp-content\\\/uploads\\\/2025\\\/09\\\/37-P1019110-scaled.webp\",\"datePublished\":\"2025-06-12T09:11:03+00:00\",\"dateModified\":\"2026-01-21T12:48:16+00:00\",\"description\":\"Prste\u0148 zo skuto\u010dn\u00e9ho kr\u00eddla mot\u00fd\u013ea Danaus plexippus\",\"breadcrumb\":{\"@id\":\"https:\\\/\\\/www.butterflywings.sk\\\/produkt\\\/prsten-danaus-plexippus-3\\\/#breadcrumb\"},\"inLanguage\":\"en-GB\",\"potentialAction\":[{\"@type\":\"ReadAction\",\"target\":[\"https:\\\/\\\/www.butterflywings.sk\\\/produkt\\\/prsten-danaus-plexippus-3\\\/\"]}]},{\"@type\":\"ImageObject\",\"inLanguage\":\"en-GB\",\"@id\":\"https:\\\/\\\/www.butterflywings.sk\\\/produkt\\\/prsten-danaus-plexippus-3\\\/#primaryimage\",\"url\":\"https:\\\/\\\/www.butterflywings.sk\\\/wp-content\\\/uploads\\\/2025\\\/09\\\/37-P1019110-scaled.webp\",\"contentUrl\":\"https:\\\/\\\/www.butterflywings.sk\\\/wp-content\\\/uploads\\\/2025\\\/09\\\/37-P1019110-scaled.webp\",\"width\":2560,\"height\":1920},{\"@type\":\"BreadcrumbList\",\"@id\":\"https:\\\/\\\/www.butterflywings.sk\\\/produkt\\\/prsten-danaus-plexippus-3\\\/#breadcrumb\",\"itemListElement\":[{\"@type\":\"ListItem\",\"position\":1,\"name\":\"Domovsk\u00e1 str\u00e1nka\",\"item\":\"https:\\\/\\\/www.butterflywings.sk\\\/\"},{\"@type\":\"ListItem\",\"position\":2,\"name\":\"Obchod\",\"item\":\"https:\\\/\\\/www.butterflywings.sk\\\/obchod\\\/\"},{\"@type\":\"ListItem\",\"position\":3,\"name\":\"Prste\u0148 Danaus plexippus\"}]},{\"@type\":\"WebSite\",\"@id\":\"https:\\\/\\\/www.butterflywings.sk\\\/#website\",\"url\":\"https:\\\/\\\/www.butterflywings.sk\\\/\",\"name\":\"ButterflyWings\",\"description\":\"\u0160perky z mot\u00fdl\u00edch kr\u00eddel\",\"publisher\":{\"@id\":\"https:\\\/\\\/www.butterflywings.sk\\\/#organization\"},\"potentialAction\":[{\"@type\":\"SearchAction\",\"target\":{\"@type\":\"EntryPoint\",\"urlTemplate\":\"https:\\\/\\\/www.butterflywings.sk\\\/?s={search_term_string}\"},\"query-input\":{\"@type\":\"PropertyValueSpecification\",\"valueRequired\":true,\"valueName\":\"search_term_string\"}}],\"inLanguage\":\"en-GB\"},{\"@type\":\"Organization\",\"@id\":\"https:\\\/\\\/www.butterflywings.sk\\\/#organization\",\"name\":\"ButterflyWings\",\"url\":\"https:\\\/\\\/www.butterflywings.sk\\\/\",\"logo\":{\"@type\":\"ImageObject\",\"inLanguage\":\"en-GB\",\"@id\":\"https:\\\/\\\/www.butterflywings.sk\\\/#\\\/schema\\\/logo\\\/image\\\/\",\"url\":\"https:\\\/\\\/www.butterflywings.sk\\\/wp-content\\\/uploads\\\/2020\\\/02\\\/Snimka_obrazovky_2025-05-22_o_12.37.48-removebg-preview.png\",\"contentUrl\":\"https:\\\/\\\/www.butterflywings.sk\\\/wp-content\\\/uploads\\\/2020\\\/02\\\/Snimka_obrazovky_2025-05-22_o_12.37.48-removebg-preview.png\",\"width\":776,\"height\":322,\"caption\":\"ButterflyWings\"},\"image\":{\"@id\":\"https:\\\/\\\/www.butterflywings.sk\\\/#\\\/schema\\\/logo\\\/image\\\/\"}}]}<\/script>\n<!-- \/ Yoast SEO plugin. -->","yoast_head_json":{"title":"Ring Danaus plexippus - ButterflyWings","description":"Ring made from a real wing of the butterfly Danaus plexippus","robots":{"index":"index","follow":"follow","max-snippet":"max-snippet:-1","max-image-preview":"max-image-preview:large","max-video-preview":"max-video-preview:-1"},"canonical":"https:\/\/www.butterflywings.sk\/en\/product\/danaus-plexippus-ring-3\/","og_locale":"en_GB","og_type":"article","og_title":"Prste\u0148 Danaus plexippus - ButterflyWings","og_description":"Prste\u0148 zo skuto\u010dn\u00e9ho kr\u00eddla mot\u00fd\u013ea Danaus plexippus","og_url":"https:\/\/www.butterflywings.sk\/en\/product\/danaus-plexippus-ring-3\/","og_site_name":"ButterflyWings","article_modified_time":"2026-01-21T12:48:16+00:00","og_image":[{"width":2560,"height":1920,"url":"https:\/\/www.butterflywings.sk\/wp-content\/uploads\/2025\/09\/37-P1019110-scaled.webp","type":"image\/webp"}],"twitter_card":"summary_large_image","twitter_misc":{"Estimated reading time":"1 minute"},"schema":{"@context":"https:\/\/schema.org","@graph":[{"@type":"WebPage","@id":"https:\/\/www.butterflywings.sk\/produkt\/prsten-danaus-plexippus-3\/","url":"https:\/\/www.butterflywings.sk\/produkt\/prsten-danaus-plexippus-3\/","name":"Ring Danaus plexippus - ButterflyWings","isPartOf":{"@id":"https:\/\/www.butterflywings.sk\/#website"},"primaryImageOfPage":{"@id":"https:\/\/www.butterflywings.sk\/produkt\/prsten-danaus-plexippus-3\/#primaryimage"},"image":{"@id":"https:\/\/www.butterflywings.sk\/produkt\/prsten-danaus-plexippus-3\/#primaryimage"},"thumbnailUrl":"https:\/\/www.butterflywings.sk\/wp-content\/uploads\/2025\/09\/37-P1019110-scaled.webp","datePublished":"2025-06-12T09:11:03+00:00","dateModified":"2026-01-21T12:48:16+00:00","description":"Ring made from a real wing of the butterfly Danaus plexippus","breadcrumb":{"@id":"https:\/\/www.butterflywings.sk\/produkt\/prsten-danaus-plexippus-3\/#breadcrumb"},"inLanguage":"en-GB","potentialAction":[{"@type":"ReadAction","target":["https:\/\/www.butterflywings.sk\/produkt\/prsten-danaus-plexippus-3\/"]}]},{"@type":"ImageObject","inLanguage":"en-GB","@id":"https:\/\/www.butterflywings.sk\/produkt\/prsten-danaus-plexippus-3\/#primaryimage","url":"https:\/\/www.butterflywings.sk\/wp-content\/uploads\/2025\/09\/37-P1019110-scaled.webp","contentUrl":"https:\/\/www.butterflywings.sk\/wp-content\/uploads\/2025\/09\/37-P1019110-scaled.webp","width":2560,"height":1920},{"@type":"BreadcrumbList","@id":"https:\/\/www.butterflywings.sk\/produkt\/prsten-danaus-plexippus-3\/#breadcrumb","itemListElement":[{"@type":"ListItem","position":1,"name":"Domovsk\u00e1 str\u00e1nka","item":"https:\/\/www.butterflywings.sk\/"},{"@type":"ListItem","position":2,"name":"Obchod","item":"https:\/\/www.butterflywings.sk\/obchod\/"},{"@type":"ListItem","position":3,"name":"Prste\u0148 Danaus plexippus"}]},{"@type":"WebSite","@id":"https:\/\/www.butterflywings.sk\/#website","url":"https:\/\/www.butterflywings.sk\/","name":"ButterflyWings","description":"Jewellery made of butterfly wings","publisher":{"@id":"https:\/\/www.butterflywings.sk\/#organization"},"potentialAction":[{"@type":"SearchAction","target":{"@type":"EntryPoint","urlTemplate":"https:\/\/www.butterflywings.sk\/?s={search_term_string}"},"query-input":{"@type":"PropertyValueSpecification","valueRequired":true,"valueName":"search_term_string"}}],"inLanguage":"en-GB"},{"@type":"Organization","@id":"https:\/\/www.butterflywings.sk\/#organization","name":"ButterflyWings","url":"https:\/\/www.butterflywings.sk\/","logo":{"@type":"ImageObject","inLanguage":"en-GB","@id":"https:\/\/www.butterflywings.sk\/#\/schema\/logo\/image\/","url":"https:\/\/www.butterflywings.sk\/wp-content\/uploads\/2020\/02\/Snimka_obrazovky_2025-05-22_o_12.37.48-removebg-preview.png","contentUrl":"https:\/\/www.butterflywings.sk\/wp-content\/uploads\/2020\/02\/Snimka_obrazovky_2025-05-22_o_12.37.48-removebg-preview.png","width":776,"height":322,"caption":"ButterflyWings"},"image":{"@id":"https:\/\/www.butterflywings.sk\/#\/schema\/logo\/image\/"}}]}},"_links":{"self":[{"href":"https:\/\/www.butterflywings.sk\/en\/wp-json\/wp\/v2\/product\/989991","targetHints":{"allow":["GET"]}}],"collection":[{"href":"https:\/\/www.butterflywings.sk\/en\/wp-json\/wp\/v2\/product"}],"about":[{"href":"https:\/\/www.butterflywings.sk\/en\/wp-json\/wp\/v2\/types\/product"}],"version-history":[{"count":2,"href":"https:\/\/www.butterflywings.sk\/en\/wp-json\/wp\/v2\/product\/989991\/revisions"}],"predecessor-version":[{"id":991787,"href":"https:\/\/www.butterflywings.sk\/en\/wp-json\/wp\/v2\/product\/989991\/revisions\/991787"}],"wp:featuredmedia":[{"embeddable":true,"href":"https:\/\/www.butterflywings.sk\/en\/wp-json\/wp\/v2\/media\/991762"}],"wp:attachment":[{"href":"https:\/\/www.butterflywings.sk\/en\/wp-json\/wp\/v2\/media?parent=989991"}],"wp:term":[{"taxonomy":"product_brand","embeddable":true,"href":"https:\/\/www.butterflywings.sk\/en\/wp-json\/wp\/v2\/product_brand?post=989991"},{"taxonomy":"product_cat","embeddable":true,"href":"https:\/\/www.butterflywings.sk\/en\/wp-json\/wp\/v2\/product_cat?post=989991"},{"taxonomy":"product_tag","embeddable":true,"href":"https:\/\/www.butterflywings.sk\/en\/wp-json\/wp\/v2\/product_tag?post=989991"}],"curies":[{"name":"wp","href":"https:\/\/api.w.org\/{rel}","templated":true}]}}