{"id":989980,"date":"2025-06-12T11:11:00","date_gmt":"2025-06-12T09:11:00","guid":{"rendered":"https:\/\/www.butterflywings.sk\/produkt\/kolekcia-nausnice-a-prsten-hebomoia-glaucippe\/"},"modified":"2025-09-19T16:13:21","modified_gmt":"2025-09-19T14:13:21","slug":"collection-of-earrings-and-ring-hebomoia-glaucippe","status":"publish","type":"product","link":"https:\/\/www.butterflywings.sk\/en\/product\/collection-of-earrings-and-ring-hebomoia-glaucippe\/","title":{"rendered":"Collection of earrings and ring Hebomoia glaucippe"},"content":{"rendered":"","protected":false},"excerpt":{"rendered":"<ul>\n<li>product number ENP101<\/li>\n<li>surgical steel, glass<\/li>\n<li>Glass slide \u00d8 8 mm<\/li>\n<li>weight 3,0 g<\/li>\n<\/ul>","protected":false},"featured_media":991767,"template":"","meta":[],"product_brand":[],"product_cat":[70,30],"product_tag":[],"class_list":{"0":"post-989980","1":"product","2":"type-product","3":"status-publish","4":"has-post-thumbnail","6":"product_cat-kolekcie","7":"product_cat-sperky","9":"first","10":"instock","11":"taxable","12":"shipping-taxable","13":"purchasable","14":"product-type-simple"},"yoast_head":"<!-- This site is optimized with the Yoast SEO plugin v27.5 - https:\/\/yoast.com\/product\/yoast-seo-wordpress\/ -->\n<title>Kolekcia n\u00e1u\u0161nice a prste\u0148 Hebomoia glaucippe - ButterflyWings<\/title>\n<meta name=\"description\" content=\"N\u00e1u\u0161nice a prste\u0148 zo skuto\u010dn\u00fdch kr\u00eddel mot\u00fd\u013ea Hebomoia glaucippe\" \/>\n<meta name=\"robots\" content=\"index, follow, max-snippet:-1, max-image-preview:large, max-video-preview:-1\" \/>\n<link rel=\"canonical\" href=\"https:\/\/www.butterflywings.sk\/en\/product\/collection-of-earrings-and-ring-hebomoia-glaucippe\/\" \/>\n<meta property=\"og:locale\" content=\"en_GB\" \/>\n<meta property=\"og:type\" content=\"article\" \/>\n<meta property=\"og:title\" content=\"Kolekcia n\u00e1u\u0161nice a prste\u0148 Hebomoia glaucippe - ButterflyWings\" \/>\n<meta property=\"og:description\" content=\"N\u00e1u\u0161nice a prste\u0148 zo skuto\u010dn\u00fdch kr\u00eddel mot\u00fd\u013ea Hebomoia glaucippe\" \/>\n<meta property=\"og:url\" content=\"https:\/\/www.butterflywings.sk\/en\/product\/collection-of-earrings-and-ring-hebomoia-glaucippe\/\" \/>\n<meta property=\"og:site_name\" content=\"ButterflyWings\" \/>\n<meta property=\"article:modified_time\" content=\"2025-09-19T14:13:21+00:00\" \/>\n<meta property=\"og:image\" content=\"https:\/\/www.butterflywings.sk\/wp-content\/uploads\/2025\/09\/46-P1019118-scaled.webp\" \/>\n\t<meta property=\"og:image:width\" content=\"2560\" \/>\n\t<meta property=\"og:image:height\" content=\"1920\" \/>\n\t<meta property=\"og:image:type\" content=\"image\/webp\" \/>\n<meta name=\"twitter:card\" content=\"summary_large_image\" \/>\n<meta name=\"twitter:label1\" content=\"Estimated reading time\" \/>\n\t<meta name=\"twitter:data1\" content=\"1 minute\" \/>\n<script type=\"application\/ld+json\" class=\"yoast-schema-graph\">{\"@context\":\"https:\\\/\\\/schema.org\",\"@graph\":[{\"@type\":\"WebPage\",\"@id\":\"https:\\\/\\\/www.butterflywings.sk\\\/produkt\\\/kolekcia-nausnice-a-prsten-hebomoia-glaucippe\\\/\",\"url\":\"https:\\\/\\\/www.butterflywings.sk\\\/produkt\\\/kolekcia-nausnice-a-prsten-hebomoia-glaucippe\\\/\",\"name\":\"Kolekcia n\u00e1u\u0161nice a prste\u0148 Hebomoia glaucippe - ButterflyWings\",\"isPartOf\":{\"@id\":\"https:\\\/\\\/www.butterflywings.sk\\\/#website\"},\"primaryImageOfPage\":{\"@id\":\"https:\\\/\\\/www.butterflywings.sk\\\/produkt\\\/kolekcia-nausnice-a-prsten-hebomoia-glaucippe\\\/#primaryimage\"},\"image\":{\"@id\":\"https:\\\/\\\/www.butterflywings.sk\\\/produkt\\\/kolekcia-nausnice-a-prsten-hebomoia-glaucippe\\\/#primaryimage\"},\"thumbnailUrl\":\"https:\\\/\\\/www.butterflywings.sk\\\/wp-content\\\/uploads\\\/2025\\\/09\\\/46-P1019118-scaled.webp\",\"datePublished\":\"2025-06-12T09:11:00+00:00\",\"dateModified\":\"2025-09-19T14:13:21+00:00\",\"description\":\"N\u00e1u\u0161nice a prste\u0148 zo skuto\u010dn\u00fdch kr\u00eddel mot\u00fd\u013ea Hebomoia glaucippe\",\"breadcrumb\":{\"@id\":\"https:\\\/\\\/www.butterflywings.sk\\\/produkt\\\/kolekcia-nausnice-a-prsten-hebomoia-glaucippe\\\/#breadcrumb\"},\"inLanguage\":\"en-GB\",\"potentialAction\":[{\"@type\":\"ReadAction\",\"target\":[\"https:\\\/\\\/www.butterflywings.sk\\\/produkt\\\/kolekcia-nausnice-a-prsten-hebomoia-glaucippe\\\/\"]}]},{\"@type\":\"ImageObject\",\"inLanguage\":\"en-GB\",\"@id\":\"https:\\\/\\\/www.butterflywings.sk\\\/produkt\\\/kolekcia-nausnice-a-prsten-hebomoia-glaucippe\\\/#primaryimage\",\"url\":\"https:\\\/\\\/www.butterflywings.sk\\\/wp-content\\\/uploads\\\/2025\\\/09\\\/46-P1019118-scaled.webp\",\"contentUrl\":\"https:\\\/\\\/www.butterflywings.sk\\\/wp-content\\\/uploads\\\/2025\\\/09\\\/46-P1019118-scaled.webp\",\"width\":2560,\"height\":1920},{\"@type\":\"BreadcrumbList\",\"@id\":\"https:\\\/\\\/www.butterflywings.sk\\\/produkt\\\/kolekcia-nausnice-a-prsten-hebomoia-glaucippe\\\/#breadcrumb\",\"itemListElement\":[{\"@type\":\"ListItem\",\"position\":1,\"name\":\"Domovsk\u00e1 str\u00e1nka\",\"item\":\"https:\\\/\\\/www.butterflywings.sk\\\/\"},{\"@type\":\"ListItem\",\"position\":2,\"name\":\"Obchod\",\"item\":\"https:\\\/\\\/www.butterflywings.sk\\\/obchod\\\/\"},{\"@type\":\"ListItem\",\"position\":3,\"name\":\"Kolekcia n\u00e1u\u0161nice a prste\u0148 Hebomoia glaucippe\"}]},{\"@type\":\"WebSite\",\"@id\":\"https:\\\/\\\/www.butterflywings.sk\\\/#website\",\"url\":\"https:\\\/\\\/www.butterflywings.sk\\\/\",\"name\":\"ButterflyWings\",\"description\":\"\u0160perky z mot\u00fdl\u00edch kr\u00eddel\",\"publisher\":{\"@id\":\"https:\\\/\\\/www.butterflywings.sk\\\/#organization\"},\"potentialAction\":[{\"@type\":\"SearchAction\",\"target\":{\"@type\":\"EntryPoint\",\"urlTemplate\":\"https:\\\/\\\/www.butterflywings.sk\\\/?s={search_term_string}\"},\"query-input\":{\"@type\":\"PropertyValueSpecification\",\"valueRequired\":true,\"valueName\":\"search_term_string\"}}],\"inLanguage\":\"en-GB\"},{\"@type\":\"Organization\",\"@id\":\"https:\\\/\\\/www.butterflywings.sk\\\/#organization\",\"name\":\"ButterflyWings\",\"url\":\"https:\\\/\\\/www.butterflywings.sk\\\/\",\"logo\":{\"@type\":\"ImageObject\",\"inLanguage\":\"en-GB\",\"@id\":\"https:\\\/\\\/www.butterflywings.sk\\\/#\\\/schema\\\/logo\\\/image\\\/\",\"url\":\"https:\\\/\\\/www.butterflywings.sk\\\/wp-content\\\/uploads\\\/2020\\\/02\\\/Snimka_obrazovky_2025-05-22_o_12.37.48-removebg-preview.png\",\"contentUrl\":\"https:\\\/\\\/www.butterflywings.sk\\\/wp-content\\\/uploads\\\/2020\\\/02\\\/Snimka_obrazovky_2025-05-22_o_12.37.48-removebg-preview.png\",\"width\":776,\"height\":322,\"caption\":\"ButterflyWings\"},\"image\":{\"@id\":\"https:\\\/\\\/www.butterflywings.sk\\\/#\\\/schema\\\/logo\\\/image\\\/\"}}]}<\/script>\n<!-- \/ Yoast SEO plugin. -->","yoast_head_json":{"title":"Collection of earrings and ring Hebomoia glaucippe - ButterflyWings","description":"Earrings and ring made of real wings of Hebomoia glaucippe butterfly","robots":{"index":"index","follow":"follow","max-snippet":"max-snippet:-1","max-image-preview":"max-image-preview:large","max-video-preview":"max-video-preview:-1"},"canonical":"https:\/\/www.butterflywings.sk\/en\/product\/collection-of-earrings-and-ring-hebomoia-glaucippe\/","og_locale":"en_GB","og_type":"article","og_title":"Kolekcia n\u00e1u\u0161nice a prste\u0148 Hebomoia glaucippe - ButterflyWings","og_description":"N\u00e1u\u0161nice a prste\u0148 zo skuto\u010dn\u00fdch kr\u00eddel mot\u00fd\u013ea Hebomoia glaucippe","og_url":"https:\/\/www.butterflywings.sk\/en\/product\/collection-of-earrings-and-ring-hebomoia-glaucippe\/","og_site_name":"ButterflyWings","article_modified_time":"2025-09-19T14:13:21+00:00","og_image":[{"width":2560,"height":1920,"url":"https:\/\/www.butterflywings.sk\/wp-content\/uploads\/2025\/09\/46-P1019118-scaled.webp","type":"image\/webp"}],"twitter_card":"summary_large_image","twitter_misc":{"Estimated reading time":"1 minute"},"schema":{"@context":"https:\/\/schema.org","@graph":[{"@type":"WebPage","@id":"https:\/\/www.butterflywings.sk\/produkt\/kolekcia-nausnice-a-prsten-hebomoia-glaucippe\/","url":"https:\/\/www.butterflywings.sk\/produkt\/kolekcia-nausnice-a-prsten-hebomoia-glaucippe\/","name":"Collection of earrings and ring Hebomoia glaucippe - ButterflyWings","isPartOf":{"@id":"https:\/\/www.butterflywings.sk\/#website"},"primaryImageOfPage":{"@id":"https:\/\/www.butterflywings.sk\/produkt\/kolekcia-nausnice-a-prsten-hebomoia-glaucippe\/#primaryimage"},"image":{"@id":"https:\/\/www.butterflywings.sk\/produkt\/kolekcia-nausnice-a-prsten-hebomoia-glaucippe\/#primaryimage"},"thumbnailUrl":"https:\/\/www.butterflywings.sk\/wp-content\/uploads\/2025\/09\/46-P1019118-scaled.webp","datePublished":"2025-06-12T09:11:00+00:00","dateModified":"2025-09-19T14:13:21+00:00","description":"Earrings and ring made of real wings of Hebomoia glaucippe butterfly","breadcrumb":{"@id":"https:\/\/www.butterflywings.sk\/produkt\/kolekcia-nausnice-a-prsten-hebomoia-glaucippe\/#breadcrumb"},"inLanguage":"en-GB","potentialAction":[{"@type":"ReadAction","target":["https:\/\/www.butterflywings.sk\/produkt\/kolekcia-nausnice-a-prsten-hebomoia-glaucippe\/"]}]},{"@type":"ImageObject","inLanguage":"en-GB","@id":"https:\/\/www.butterflywings.sk\/produkt\/kolekcia-nausnice-a-prsten-hebomoia-glaucippe\/#primaryimage","url":"https:\/\/www.butterflywings.sk\/wp-content\/uploads\/2025\/09\/46-P1019118-scaled.webp","contentUrl":"https:\/\/www.butterflywings.sk\/wp-content\/uploads\/2025\/09\/46-P1019118-scaled.webp","width":2560,"height":1920},{"@type":"BreadcrumbList","@id":"https:\/\/www.butterflywings.sk\/produkt\/kolekcia-nausnice-a-prsten-hebomoia-glaucippe\/#breadcrumb","itemListElement":[{"@type":"ListItem","position":1,"name":"Domovsk\u00e1 str\u00e1nka","item":"https:\/\/www.butterflywings.sk\/"},{"@type":"ListItem","position":2,"name":"Obchod","item":"https:\/\/www.butterflywings.sk\/obchod\/"},{"@type":"ListItem","position":3,"name":"Kolekcia n\u00e1u\u0161nice a prste\u0148 Hebomoia glaucippe"}]},{"@type":"WebSite","@id":"https:\/\/www.butterflywings.sk\/#website","url":"https:\/\/www.butterflywings.sk\/","name":"ButterflyWings","description":"Jewellery made of butterfly wings","publisher":{"@id":"https:\/\/www.butterflywings.sk\/#organization"},"potentialAction":[{"@type":"SearchAction","target":{"@type":"EntryPoint","urlTemplate":"https:\/\/www.butterflywings.sk\/?s={search_term_string}"},"query-input":{"@type":"PropertyValueSpecification","valueRequired":true,"valueName":"search_term_string"}}],"inLanguage":"en-GB"},{"@type":"Organization","@id":"https:\/\/www.butterflywings.sk\/#organization","name":"ButterflyWings","url":"https:\/\/www.butterflywings.sk\/","logo":{"@type":"ImageObject","inLanguage":"en-GB","@id":"https:\/\/www.butterflywings.sk\/#\/schema\/logo\/image\/","url":"https:\/\/www.butterflywings.sk\/wp-content\/uploads\/2020\/02\/Snimka_obrazovky_2025-05-22_o_12.37.48-removebg-preview.png","contentUrl":"https:\/\/www.butterflywings.sk\/wp-content\/uploads\/2020\/02\/Snimka_obrazovky_2025-05-22_o_12.37.48-removebg-preview.png","width":776,"height":322,"caption":"ButterflyWings"},"image":{"@id":"https:\/\/www.butterflywings.sk\/#\/schema\/logo\/image\/"}}]}},"_links":{"self":[{"href":"https:\/\/www.butterflywings.sk\/en\/wp-json\/wp\/v2\/product\/989980","targetHints":{"allow":["GET"]}}],"collection":[{"href":"https:\/\/www.butterflywings.sk\/en\/wp-json\/wp\/v2\/product"}],"about":[{"href":"https:\/\/www.butterflywings.sk\/en\/wp-json\/wp\/v2\/types\/product"}],"version-history":[{"count":1,"href":"https:\/\/www.butterflywings.sk\/en\/wp-json\/wp\/v2\/product\/989980\/revisions"}],"predecessor-version":[{"id":991799,"href":"https:\/\/www.butterflywings.sk\/en\/wp-json\/wp\/v2\/product\/989980\/revisions\/991799"}],"wp:featuredmedia":[{"embeddable":true,"href":"https:\/\/www.butterflywings.sk\/en\/wp-json\/wp\/v2\/media\/991767"}],"wp:attachment":[{"href":"https:\/\/www.butterflywings.sk\/en\/wp-json\/wp\/v2\/media?parent=989980"}],"wp:term":[{"taxonomy":"product_brand","embeddable":true,"href":"https:\/\/www.butterflywings.sk\/en\/wp-json\/wp\/v2\/product_brand?post=989980"},{"taxonomy":"product_cat","embeddable":true,"href":"https:\/\/www.butterflywings.sk\/en\/wp-json\/wp\/v2\/product_cat?post=989980"},{"taxonomy":"product_tag","embeddable":true,"href":"https:\/\/www.butterflywings.sk\/en\/wp-json\/wp\/v2\/product_tag?post=989980"}],"curies":[{"name":"wp","href":"https:\/\/api.w.org\/{rel}","templated":true}]}}