{"id":989978,"date":"2025-06-12T11:11:00","date_gmt":"2025-06-12T09:11:00","guid":{"rendered":"https:\/\/www.butterflywings.sk\/produkt\/nausnice-chondracris-rosea-s-nahrdelnikom\/"},"modified":"2026-01-28T13:53:35","modified_gmt":"2026-01-28T12:53:35","slug":"chondracris-rosea-earrings-with-necklace","status":"publish","type":"product","link":"https:\/\/www.butterflywings.sk\/en\/product\/chondracris-rosea-earrings-with-necklace\/","title":{"rendered":"Earrings Chondracris rosea with necklace"},"content":{"rendered":"<div class=\"vgblk-rw-wrapper limit-wrapper\">Butterflywings, chirurgick\u00e1 oce\u013e, <span style=\"font-size: 16px\">dar\u010dek z pr\u00edrody,<\/span><span style=\"font-size: 16px\"> handmade, <\/span><span style=\"font-size: 16px\">jedine\u010dn\u00fd \u0161perk, n<\/span><span style=\"font-size: 16px\">ev\u0161edn\u00fd \u0161perk, <\/span><span style=\"font-size: 16px\">original Jewelry,<\/span><span style=\"font-size: 16px\"> mot\u00fd\u013e, prav\u00e9 mot\u00fdlie kr\u00eddla, <\/span><span style=\"font-size: 16px\">pre mu\u017ea,<\/span><span style=\"font-size: 16px\"> ru\u010dn\u00e1 v\u00fdroba, <\/span><span style=\"font-size: 16px\">sklo,<\/span><span style=\"font-size: 16px\"> \u0161perky z mot\u00fdl\u00edch kr\u00eddel, <\/span><span style=\"font-size: 16px\">unik\u00e1t,<\/span><span style=\"font-size: 16px\"> n\u00e1u\u0161nice, earrings, n\u00e1hrdeln\u00edk, necklace, Chondracris rosea,<\/span><span style=\"font-size: 16px\">\u00a0Wings of Butterfly<\/span><\/p>\n<p>We at Butterflywings.sk make jewellery from butterfly wings of naturally dead butterflies, paintings and other home decorations using various exotic species of butterflies and other insects. The specimens are mainly sourced from natives of developing countries, thus providing them with a regular income and helping them to make a better life in impoverished areas. Our friends raise butterflies and insects on their farms or catch them in the wild. However, they only catch males in the post-mating season so as not to endanger the biological balance of nature. They do not kill the butterflies, but let them die naturally. Once exported to us, the wings are processed and inserted into surgical steel components in the form of necklaces, earrings, bracelets, rings, etc. We only use commonly occurring insect species whose populations are not endangered and which are not subject to international CITES protection.<\/p>\n<p>In addition to the e-shop, you can buy our products in several locations in Slovakia. See a map of sales locations here:<\/p>\n<blockquote class=\"wp-embedded-content\" data-secret=\"vV8Ajup2YG\"><p><a href=\"https:\/\/www.butterflywings.sk\/en\/contact\/\">Contact<\/a><\/p><\/blockquote>\n<p><iframe class=\"wp-embedded-content\" sandbox=\"allow-scripts\" security=\"restricted\" style=\"position: absolute; visibility: hidden;\" title=\"\u201cContact\u201d - ButterflyWings\" src=\"https:\/\/www.butterflywings.sk\/kontakt\/embed\/#?secret=TvLXBqczab#?secret=vV8Ajup2YG\" data-secret=\"vV8Ajup2YG\" width=\"600\" height=\"338\" frameborder=\"0\" marginwidth=\"0\" marginheight=\"0\" scrolling=\"no\"><\/iframe><\/p>\n<blockquote class=\"wp-embedded-content\" data-secret=\"R4WicrM1mf\"><p><a href=\"https:\/\/www.butterflywings.sk\/en\/butterfly-species\/\">Types of butterflies whose wings can be found in our jewellery<\/a><\/p><\/blockquote>\n<p><iframe class=\"wp-embedded-content\" sandbox=\"allow-scripts\" security=\"restricted\" style=\"position: absolute; visibility: hidden;\" title=\"\u201cTypes of butterflies whose wings can be found in our jewellery\u201d - ButterflyWings\" src=\"https:\/\/www.butterflywings.sk\/druhy-motylov\/embed\/#?secret=euVGSQ7Ybk#?secret=R4WicrM1mf\" data-secret=\"R4WicrM1mf\" width=\"600\" height=\"338\" frameborder=\"0\" marginwidth=\"0\" marginheight=\"0\" scrolling=\"no\"><\/iframe><\/p>\n<p>Facebook:<\/p>\n<p>https:\/\/www.facebook.com\/groups\/249522415826793\/<\/p>\n<p>https:\/\/www.facebook.com\/profile.php?id=61576798633169<\/p>\n<p>Instagram:<\/p>\n<p>https:\/\/www.instagram.com\/p\/DUBP5HEiIbe\/?utm_source=ig_web_copy_link&#038;igsh=NTc4MTIwNjQ2YQ==<\/p>\n<p>&nbsp;<\/p>\n<p>N\u00e1u\u0161nice z chirurgickej ocele a skla s vlo\u017een\u00fdmi skuto\u010dn\u00fdmi mot\u00fdl\u00edmi kr\u00eddlami. Kr\u00eddla kobylky <span style=\"font-size: 16px\">Chond<\/span><span style=\"font-size: 16px\">racris rosea<\/span><span style=\"font-size: 16px\">. N\u00e1u\u0161nice vyroben\u00e9 ru\u010dne s l\u00e1skou a v s\u00falade s pr\u00edrodou.\u00a0<\/span><\/p>\n<p>Earrings <span style=\"font-size: 16px\">Chond<\/span><span style=\"font-size: 16px\">racris rosea<\/span>:<\/p>\n<ul>\n<li>product number ENH124<\/li>\n<li>surgical steel, glass<\/li>\n<li>chain length adjustable from 45 to 50 cm<\/li>\n<li>Glass slide \u00d8 8 mm<\/li>\n<li>weight 7,8 g<\/li>\n<li>packaging - gift box, cleaning cloth, car fragrance, organza bag, gift bag<\/li>\n<\/ul>\n<\/div>\n<p><!-- .vgblk-rw-wrapper --><\/p>","protected":false},"excerpt":{"rendered":"<ul>\n<li>product number ENH124<\/li>\n<li>surgical steel, glass<\/li>\n<li>chain length adjustable from 45 to 50 cm<\/li>\n<li>Glass slide \u00d8 8 mm<\/li>\n<li>weight 7,8 g<\/li>\n<li>packaging - gift box, cleaning cloth, car fragrance, organza bag, gift bag<\/li>\n<\/ul>","protected":false},"featured_media":991803,"template":"","meta":[],"product_brand":[],"product_cat":[70,30],"product_tag":[122,33,99,132,117,137,139,145,94,95,93,110,92,140,108,120,111,144,135,138],"class_list":{"0":"post-989978","1":"product","2":"type-product","3":"status-publish","4":"has-post-thumbnail","6":"product_cat-kolekcie","7":"product_cat-sperky","8":"product_tag-darcek-z-prirody","9":"product_tag-earrings","10":"product_tag-edicia","11":"product_tag-jedinecny-sperk","12":"product_tag-jemnost","13":"product_tag-jewelry-for-woman","14":"product_tag-jewelry-from-nature","15":"product_tag-jewelry-set","16":"product_tag-kridlo","17":"product_tag-motyl","18":"product_tag-nahrdelnik","19":"product_tag-nausnice","20":"product_tag-novinka","21":"product_tag-original-jewelry","22":"product_tag-prave-motylie-kridla","23":"product_tag-romanticky-darcek","24":"product_tag-set-sperkov","25":"product_tag-sperky","26":"product_tag-sperky-pre-kazdu-prilezitost","27":"product_tag-wings-of-butterfly","29":"first","30":"instock","31":"taxable","32":"shipping-taxable","33":"purchasable","34":"product-type-simple"},"yoast_head":"<!-- This site is optimized with the Yoast SEO plugin v27.5 - https:\/\/yoast.com\/product\/yoast-seo-wordpress\/ -->\n<title>N\u00e1u\u0161nice Chondracris rosea s n\u00e1hrdeln\u00edkom - ButterflyWings<\/title>\n<meta name=\"description\" content=\"N\u00e1u\u0161nice Chondracris rosea s n\u00e1hrdeln\u00edkom. Chirurgick\u00e1 oce\u013e, sklo a vlo\u017een\u00e9 skuto\u010dn\u00e9 kr\u00eddla kobylky. Vyroben\u00e9 ru\u010dne, s l\u00e1skou a v s\u00falade s pr\u00edrodou.\" \/>\n<meta name=\"robots\" content=\"index, follow, max-snippet:-1, max-image-preview:large, max-video-preview:-1\" \/>\n<link rel=\"canonical\" href=\"https:\/\/www.butterflywings.sk\/en\/product\/chondracris-rosea-earrings-with-necklace\/\" \/>\n<meta property=\"og:locale\" content=\"en_GB\" \/>\n<meta property=\"og:type\" content=\"article\" \/>\n<meta property=\"og:title\" content=\"N\u00e1u\u0161nice Chondracris rosea s n\u00e1hrdeln\u00edkom - ButterflyWings\" \/>\n<meta property=\"og:description\" content=\"N\u00e1u\u0161nice Chondracris rosea s n\u00e1hrdeln\u00edkom. Chirurgick\u00e1 oce\u013e, sklo a vlo\u017een\u00e9 skuto\u010dn\u00e9 kr\u00eddla kobylky. Vyroben\u00e9 ru\u010dne, s l\u00e1skou a v s\u00falade s pr\u00edrodou.\" \/>\n<meta property=\"og:url\" content=\"https:\/\/www.butterflywings.sk\/en\/product\/chondracris-rosea-earrings-with-necklace\/\" \/>\n<meta property=\"og:site_name\" content=\"ButterflyWings\" \/>\n<meta property=\"article:modified_time\" content=\"2026-01-28T12:53:35+00:00\" \/>\n<meta property=\"og:image\" content=\"https:\/\/www.butterflywings.sk\/wp-content\/uploads\/2025\/06\/P1018981-converted-from-jpg-scaled.webp\" \/>\n\t<meta property=\"og:image:width\" content=\"2560\" \/>\n\t<meta property=\"og:image:height\" content=\"1920\" \/>\n\t<meta property=\"og:image:type\" content=\"image\/webp\" \/>\n<meta name=\"twitter:card\" content=\"summary_large_image\" \/>\n<meta name=\"twitter:label1\" content=\"Estimated reading time\" \/>\n\t<meta name=\"twitter:data1\" content=\"2 minutes\" \/>\n<script type=\"application\/ld+json\" class=\"yoast-schema-graph\">{\"@context\":\"https:\\\/\\\/schema.org\",\"@graph\":[{\"@type\":\"WebPage\",\"@id\":\"https:\\\/\\\/www.butterflywings.sk\\\/produkt\\\/nausnice-chondracris-rosea-s-nahrdelnikom\\\/\",\"url\":\"https:\\\/\\\/www.butterflywings.sk\\\/produkt\\\/nausnice-chondracris-rosea-s-nahrdelnikom\\\/\",\"name\":\"N\u00e1u\u0161nice Chondracris rosea s n\u00e1hrdeln\u00edkom - ButterflyWings\",\"isPartOf\":{\"@id\":\"https:\\\/\\\/www.butterflywings.sk\\\/#website\"},\"primaryImageOfPage\":{\"@id\":\"https:\\\/\\\/www.butterflywings.sk\\\/produkt\\\/nausnice-chondracris-rosea-s-nahrdelnikom\\\/#primaryimage\"},\"image\":{\"@id\":\"https:\\\/\\\/www.butterflywings.sk\\\/produkt\\\/nausnice-chondracris-rosea-s-nahrdelnikom\\\/#primaryimage\"},\"thumbnailUrl\":\"https:\\\/\\\/www.butterflywings.sk\\\/wp-content\\\/uploads\\\/2025\\\/06\\\/P1018981-converted-from-jpg-scaled.webp\",\"datePublished\":\"2025-06-12T09:11:00+00:00\",\"dateModified\":\"2026-01-28T12:53:35+00:00\",\"description\":\"N\u00e1u\u0161nice Chondracris rosea s n\u00e1hrdeln\u00edkom. Chirurgick\u00e1 oce\u013e, sklo a vlo\u017een\u00e9 skuto\u010dn\u00e9 kr\u00eddla kobylky. Vyroben\u00e9 ru\u010dne, s l\u00e1skou a v s\u00falade s pr\u00edrodou.\",\"breadcrumb\":{\"@id\":\"https:\\\/\\\/www.butterflywings.sk\\\/produkt\\\/nausnice-chondracris-rosea-s-nahrdelnikom\\\/#breadcrumb\"},\"inLanguage\":\"en-GB\",\"potentialAction\":[{\"@type\":\"ReadAction\",\"target\":[\"https:\\\/\\\/www.butterflywings.sk\\\/produkt\\\/nausnice-chondracris-rosea-s-nahrdelnikom\\\/\"]}]},{\"@type\":\"ImageObject\",\"inLanguage\":\"en-GB\",\"@id\":\"https:\\\/\\\/www.butterflywings.sk\\\/produkt\\\/nausnice-chondracris-rosea-s-nahrdelnikom\\\/#primaryimage\",\"url\":\"https:\\\/\\\/www.butterflywings.sk\\\/wp-content\\\/uploads\\\/2025\\\/06\\\/P1018981-converted-from-jpg-scaled.webp\",\"contentUrl\":\"https:\\\/\\\/www.butterflywings.sk\\\/wp-content\\\/uploads\\\/2025\\\/06\\\/P1018981-converted-from-jpg-scaled.webp\",\"width\":2560,\"height\":1920},{\"@type\":\"BreadcrumbList\",\"@id\":\"https:\\\/\\\/www.butterflywings.sk\\\/produkt\\\/nausnice-chondracris-rosea-s-nahrdelnikom\\\/#breadcrumb\",\"itemListElement\":[{\"@type\":\"ListItem\",\"position\":1,\"name\":\"Domovsk\u00e1 str\u00e1nka\",\"item\":\"https:\\\/\\\/www.butterflywings.sk\\\/\"},{\"@type\":\"ListItem\",\"position\":2,\"name\":\"Obchod\",\"item\":\"https:\\\/\\\/www.butterflywings.sk\\\/obchod\\\/\"},{\"@type\":\"ListItem\",\"position\":3,\"name\":\"N\u00e1u\u0161nice Chondracris rosea s n\u00e1hrdeln\u00edkom\"}]},{\"@type\":\"WebSite\",\"@id\":\"https:\\\/\\\/www.butterflywings.sk\\\/#website\",\"url\":\"https:\\\/\\\/www.butterflywings.sk\\\/\",\"name\":\"ButterflyWings\",\"description\":\"\u0160perky z mot\u00fdl\u00edch kr\u00eddel\",\"publisher\":{\"@id\":\"https:\\\/\\\/www.butterflywings.sk\\\/#organization\"},\"potentialAction\":[{\"@type\":\"SearchAction\",\"target\":{\"@type\":\"EntryPoint\",\"urlTemplate\":\"https:\\\/\\\/www.butterflywings.sk\\\/?s={search_term_string}\"},\"query-input\":{\"@type\":\"PropertyValueSpecification\",\"valueRequired\":true,\"valueName\":\"search_term_string\"}}],\"inLanguage\":\"en-GB\"},{\"@type\":\"Organization\",\"@id\":\"https:\\\/\\\/www.butterflywings.sk\\\/#organization\",\"name\":\"ButterflyWings\",\"url\":\"https:\\\/\\\/www.butterflywings.sk\\\/\",\"logo\":{\"@type\":\"ImageObject\",\"inLanguage\":\"en-GB\",\"@id\":\"https:\\\/\\\/www.butterflywings.sk\\\/#\\\/schema\\\/logo\\\/image\\\/\",\"url\":\"https:\\\/\\\/www.butterflywings.sk\\\/wp-content\\\/uploads\\\/2020\\\/02\\\/Snimka_obrazovky_2025-05-22_o_12.37.48-removebg-preview.png\",\"contentUrl\":\"https:\\\/\\\/www.butterflywings.sk\\\/wp-content\\\/uploads\\\/2020\\\/02\\\/Snimka_obrazovky_2025-05-22_o_12.37.48-removebg-preview.png\",\"width\":776,\"height\":322,\"caption\":\"ButterflyWings\"},\"image\":{\"@id\":\"https:\\\/\\\/www.butterflywings.sk\\\/#\\\/schema\\\/logo\\\/image\\\/\"}}]}<\/script>\n<!-- \/ Yoast SEO plugin. -->","yoast_head_json":{"title":"Chondracris rosea earrings with necklace - ButterflyWings","description":"Chondracris rosea earrings with necklace. Surgical steel, glass and embedded real grasshopper wings. Made by hand, with love and in harmony with nature.","robots":{"index":"index","follow":"follow","max-snippet":"max-snippet:-1","max-image-preview":"max-image-preview:large","max-video-preview":"max-video-preview:-1"},"canonical":"https:\/\/www.butterflywings.sk\/en\/product\/chondracris-rosea-earrings-with-necklace\/","og_locale":"en_GB","og_type":"article","og_title":"N\u00e1u\u0161nice Chondracris rosea s n\u00e1hrdeln\u00edkom - ButterflyWings","og_description":"N\u00e1u\u0161nice Chondracris rosea s n\u00e1hrdeln\u00edkom. Chirurgick\u00e1 oce\u013e, sklo a vlo\u017een\u00e9 skuto\u010dn\u00e9 kr\u00eddla kobylky. Vyroben\u00e9 ru\u010dne, s l\u00e1skou a v s\u00falade s pr\u00edrodou.","og_url":"https:\/\/www.butterflywings.sk\/en\/product\/chondracris-rosea-earrings-with-necklace\/","og_site_name":"ButterflyWings","article_modified_time":"2026-01-28T12:53:35+00:00","og_image":[{"width":2560,"height":1920,"url":"https:\/\/www.butterflywings.sk\/wp-content\/uploads\/2025\/06\/P1018981-converted-from-jpg-scaled.webp","type":"image\/webp"}],"twitter_card":"summary_large_image","twitter_misc":{"Estimated reading time":"2 minutes"},"schema":{"@context":"https:\/\/schema.org","@graph":[{"@type":"WebPage","@id":"https:\/\/www.butterflywings.sk\/produkt\/nausnice-chondracris-rosea-s-nahrdelnikom\/","url":"https:\/\/www.butterflywings.sk\/produkt\/nausnice-chondracris-rosea-s-nahrdelnikom\/","name":"Chondracris rosea earrings with necklace - ButterflyWings","isPartOf":{"@id":"https:\/\/www.butterflywings.sk\/#website"},"primaryImageOfPage":{"@id":"https:\/\/www.butterflywings.sk\/produkt\/nausnice-chondracris-rosea-s-nahrdelnikom\/#primaryimage"},"image":{"@id":"https:\/\/www.butterflywings.sk\/produkt\/nausnice-chondracris-rosea-s-nahrdelnikom\/#primaryimage"},"thumbnailUrl":"https:\/\/www.butterflywings.sk\/wp-content\/uploads\/2025\/06\/P1018981-converted-from-jpg-scaled.webp","datePublished":"2025-06-12T09:11:00+00:00","dateModified":"2026-01-28T12:53:35+00:00","description":"Chondracris rosea earrings with necklace. Surgical steel, glass and embedded real grasshopper wings. Made by hand, with love and in harmony with nature.","breadcrumb":{"@id":"https:\/\/www.butterflywings.sk\/produkt\/nausnice-chondracris-rosea-s-nahrdelnikom\/#breadcrumb"},"inLanguage":"en-GB","potentialAction":[{"@type":"ReadAction","target":["https:\/\/www.butterflywings.sk\/produkt\/nausnice-chondracris-rosea-s-nahrdelnikom\/"]}]},{"@type":"ImageObject","inLanguage":"en-GB","@id":"https:\/\/www.butterflywings.sk\/produkt\/nausnice-chondracris-rosea-s-nahrdelnikom\/#primaryimage","url":"https:\/\/www.butterflywings.sk\/wp-content\/uploads\/2025\/06\/P1018981-converted-from-jpg-scaled.webp","contentUrl":"https:\/\/www.butterflywings.sk\/wp-content\/uploads\/2025\/06\/P1018981-converted-from-jpg-scaled.webp","width":2560,"height":1920},{"@type":"BreadcrumbList","@id":"https:\/\/www.butterflywings.sk\/produkt\/nausnice-chondracris-rosea-s-nahrdelnikom\/#breadcrumb","itemListElement":[{"@type":"ListItem","position":1,"name":"Domovsk\u00e1 str\u00e1nka","item":"https:\/\/www.butterflywings.sk\/"},{"@type":"ListItem","position":2,"name":"Obchod","item":"https:\/\/www.butterflywings.sk\/obchod\/"},{"@type":"ListItem","position":3,"name":"N\u00e1u\u0161nice Chondracris rosea s n\u00e1hrdeln\u00edkom"}]},{"@type":"WebSite","@id":"https:\/\/www.butterflywings.sk\/#website","url":"https:\/\/www.butterflywings.sk\/","name":"ButterflyWings","description":"Jewellery made of butterfly wings","publisher":{"@id":"https:\/\/www.butterflywings.sk\/#organization"},"potentialAction":[{"@type":"SearchAction","target":{"@type":"EntryPoint","urlTemplate":"https:\/\/www.butterflywings.sk\/?s={search_term_string}"},"query-input":{"@type":"PropertyValueSpecification","valueRequired":true,"valueName":"search_term_string"}}],"inLanguage":"en-GB"},{"@type":"Organization","@id":"https:\/\/www.butterflywings.sk\/#organization","name":"ButterflyWings","url":"https:\/\/www.butterflywings.sk\/","logo":{"@type":"ImageObject","inLanguage":"en-GB","@id":"https:\/\/www.butterflywings.sk\/#\/schema\/logo\/image\/","url":"https:\/\/www.butterflywings.sk\/wp-content\/uploads\/2020\/02\/Snimka_obrazovky_2025-05-22_o_12.37.48-removebg-preview.png","contentUrl":"https:\/\/www.butterflywings.sk\/wp-content\/uploads\/2020\/02\/Snimka_obrazovky_2025-05-22_o_12.37.48-removebg-preview.png","width":776,"height":322,"caption":"ButterflyWings"},"image":{"@id":"https:\/\/www.butterflywings.sk\/#\/schema\/logo\/image\/"}}]}},"_links":{"self":[{"href":"https:\/\/www.butterflywings.sk\/en\/wp-json\/wp\/v2\/product\/989978","targetHints":{"allow":["GET"]}}],"collection":[{"href":"https:\/\/www.butterflywings.sk\/en\/wp-json\/wp\/v2\/product"}],"about":[{"href":"https:\/\/www.butterflywings.sk\/en\/wp-json\/wp\/v2\/types\/product"}],"version-history":[{"count":3,"href":"https:\/\/www.butterflywings.sk\/en\/wp-json\/wp\/v2\/product\/989978\/revisions"}],"predecessor-version":[{"id":992371,"href":"https:\/\/www.butterflywings.sk\/en\/wp-json\/wp\/v2\/product\/989978\/revisions\/992371"}],"wp:featuredmedia":[{"embeddable":true,"href":"https:\/\/www.butterflywings.sk\/en\/wp-json\/wp\/v2\/media\/991803"}],"wp:attachment":[{"href":"https:\/\/www.butterflywings.sk\/en\/wp-json\/wp\/v2\/media?parent=989978"}],"wp:term":[{"taxonomy":"product_brand","embeddable":true,"href":"https:\/\/www.butterflywings.sk\/en\/wp-json\/wp\/v2\/product_brand?post=989978"},{"taxonomy":"product_cat","embeddable":true,"href":"https:\/\/www.butterflywings.sk\/en\/wp-json\/wp\/v2\/product_cat?post=989978"},{"taxonomy":"product_tag","embeddable":true,"href":"https:\/\/www.butterflywings.sk\/en\/wp-json\/wp\/v2\/product_tag?post=989978"}],"curies":[{"name":"wp","href":"https:\/\/api.w.org\/{rel}","templated":true}]}}