{"id":989974,"date":"2025-06-12T11:10:59","date_gmt":"2025-06-12T09:10:59","guid":{"rendered":"https:\/\/www.butterflywings.sk\/produkt\/nahrdelnik-eurema-mandarinula\/"},"modified":"2026-01-27T18:58:40","modified_gmt":"2026-01-27T17:58:40","slug":"necklace-eurema-mandarinula","status":"publish","type":"product","link":"https:\/\/www.butterflywings.sk\/en\/product\/necklace-eurema-mandarinula\/","title":{"rendered":"Necklace Eurema mandarinula"},"content":{"rendered":"<div class=\"vgblk-rw-wrapper limit-wrapper\">Butterflywings, chirurgick\u00e1 oce\u013e, <span style=\"font-size: 16px\">dar\u010dek z pr\u00edrody,<\/span><span style=\"font-size: 16px\"> handmade, <\/span><span style=\"font-size: 16px\">jedine\u010dn\u00fd \u0161perk, n<\/span><span style=\"font-size: 16px\">ev\u0161edn\u00fd \u0161perk, <\/span><span style=\"font-size: 16px\">original Jewelry,<\/span><span style=\"font-size: 16px\"> mot\u00fd\u013e, prav\u00e9 mot\u00fdlie kr\u00eddla, <\/span><span style=\"font-size: 16px\">pre mu\u017ea,<\/span><span style=\"font-size: 16px\"> ru\u010dn\u00e1 v\u00fdroba, <\/span><span style=\"font-size: 16px\">sklo,<\/span><span style=\"font-size: 16px\"> \u0161perky z mot\u00fdl\u00edch kr\u00eddel, <\/span><span style=\"font-size: 16px\">unik\u00e1t,<\/span><span style=\"font-size: 16px\"> n\u00e1hrdeln\u00edk, necklace, Eurema mandarinula,<\/span><span style=\"font-size: 16px\">\u00a0Wings of Butterfly<\/span><\/p>\n<p>We at Butterflywings.sk make jewellery from butterfly wings of naturally dead butterflies, paintings and other home decorations using various exotic species of butterflies and other insects. The specimens are mainly sourced from natives of developing countries, thus providing them with a regular income and helping them to make a better life in impoverished areas. Our friends raise butterflies and insects on their farms or catch them in the wild. However, they only catch males in the post-mating season so as not to endanger the biological balance of nature. They do not kill the butterflies, but let them die naturally. Once exported to us, the wings are processed and inserted into surgical steel components in the form of necklaces, earrings, bracelets, rings, etc. We only use commonly occurring insect species whose populations are not endangered and which are not subject to international CITES protection.<\/p>\n<p>In addition to the e-shop, you can buy our products in several locations in Slovakia. See a map of sales locations here:<\/p>\n<blockquote class=\"wp-embedded-content\" data-secret=\"w2yzEo49o0\"><p><a href=\"https:\/\/www.butterflywings.sk\/en\/contact\/\">Contact<\/a><\/p><\/blockquote>\n<p><iframe class=\"wp-embedded-content\" sandbox=\"allow-scripts\" security=\"restricted\" style=\"position: absolute; visibility: hidden;\" title=\"\u201cContact\u201d - ButterflyWings\" src=\"https:\/\/www.butterflywings.sk\/kontakt\/embed\/#?secret=kBN6fD6GtQ#?secret=w2yzEo49o0\" data-secret=\"w2yzEo49o0\" width=\"600\" height=\"338\" frameborder=\"0\" marginwidth=\"0\" marginheight=\"0\" scrolling=\"no\"><\/iframe><\/p>\n<blockquote class=\"wp-embedded-content\" data-secret=\"sfiMBGmSV7\"><p><a href=\"https:\/\/www.butterflywings.sk\/en\/butterfly-species\/\">Types of butterflies whose wings can be found in our jewellery<\/a><\/p><\/blockquote>\n<p><iframe class=\"wp-embedded-content\" sandbox=\"allow-scripts\" security=\"restricted\" style=\"position: absolute; visibility: hidden;\" title=\"\u201cTypes of butterflies whose wings can be found in our jewellery\u201d - ButterflyWings\" src=\"https:\/\/www.butterflywings.sk\/druhy-motylov\/embed\/#?secret=eLRugwoN3g#?secret=sfiMBGmSV7\" data-secret=\"sfiMBGmSV7\" width=\"600\" height=\"338\" frameborder=\"0\" marginwidth=\"0\" marginheight=\"0\" scrolling=\"no\"><\/iframe><\/p>\n<p>Facebook:<\/p>\n<p>https:\/\/www.facebook.com\/groups\/249522415826793\/<\/p>\n<p>https:\/\/www.facebook.com\/profile.php?id=61576798633169<\/p>\n<p>Instagram:<\/p>\n<p>https:\/\/www.instagram.com\/p\/DUBP5HEiIbe\/?utm_source=ig_web_copy_link&#038;igsh=NTc4MTIwNjQ2YQ==<\/p>\n<p>&nbsp;<\/p>\n<p>N\u00e1hrdeln\u00edk z chirurgickej ocele a skla pre d\u00e1my s vlo\u017een\u00fdmi skuto\u010dn\u00fdmi mot\u00fdl\u00edmi kr\u00eddlami. Kr\u00eddla mot\u00fd\u013ea Eurema mandarinula. N\u00e1hrdeln\u00edk vyroben\u00fd ru\u010dne s l\u00e1skou a v s\u00falade s pr\u00edrodou. Vhodn\u00fd na ka\u017edodenn\u00e9 nosenie i do spolo\u010dnosti.<\/p>\n<p>N\u00e1hrdeln\u00edk Eurema mandarinula:<\/p>\n<ul>\n<li>product number EH1001<\/li>\n<li>surgical steel, glass<\/li>\n<li>Glass slide \u00d8 12 mm<\/li>\n<li>weight 18 g<\/li>\n<li>packaging - luxury velvet box, cleaning cloth, car fragrance, gift bag<\/li>\n<\/ul>\n<\/div>\n<p><!-- .vgblk-rw-wrapper --><\/p>","protected":false},"excerpt":{"rendered":"<ul>\n<li>product number EH1001<\/li>\n<li>surgical steel, glass<\/li>\n<li>Glass slide \u00d8 12 mm<\/li>\n<li>weight 18 g<\/li>\n<li>packaging - luxury velvet box, cleaning cloth, car fragrance, gift bag<\/li>\n<\/ul>","protected":false},"featured_media":991693,"template":"","meta":[],"product_brand":[],"product_cat":[67,30],"product_tag":[90,123,107,122,132,117,137,139,94,95,93,41,106,140,108,120,144,135,138],"class_list":{"0":"post-989974","1":"product","2":"type-product","3":"status-publish","4":"has-post-thumbnail","6":"product_cat-nahrdelniky","7":"product_cat-sperky","8":"product_tag-butterflywings","9":"product_tag-darcek-pre-milovnicku-prirody","10":"product_tag-darcek-pre-zenu","11":"product_tag-darcek-z-prirody","12":"product_tag-jedinecny-sperk","13":"product_tag-jemnost","14":"product_tag-jewelry-for-woman","15":"product_tag-jewelry-from-nature","16":"product_tag-kridlo","17":"product_tag-motyl","18":"product_tag-nahrdelnik","19":"product_tag-necklaces","20":"product_tag-original","21":"product_tag-original-jewelry","22":"product_tag-prave-motylie-kridla","23":"product_tag-romanticky-darcek","24":"product_tag-sperky","25":"product_tag-sperky-pre-kazdu-prilezitost","26":"product_tag-wings-of-butterfly","28":"first","29":"instock","30":"taxable","31":"shipping-taxable","32":"purchasable","33":"product-type-simple"},"yoast_head":"<!-- This site is optimized with the Yoast SEO plugin v27.5 - https:\/\/yoast.com\/product\/yoast-seo-wordpress\/ -->\n<title>N\u00e1hrdeln\u00edk Eurema mandarinula - ButterflyWings<\/title>\n<meta name=\"description\" content=\"N\u00e1hrdeln\u00edk zo skuto\u010dn\u00fdch kr\u00eddel mot\u00fd\u013ea Eurema mandarinula. Ru\u010dne vyroben\u00fd s l\u00e1skou a v s\u00falade s pr\u00edrodou. N\u00e1hrdeln\u00edk vhodn\u00fd na v\u0161etky pr\u00edle\u017eitosti.\" \/>\n<meta name=\"robots\" content=\"index, follow, max-snippet:-1, max-image-preview:large, max-video-preview:-1\" \/>\n<link rel=\"canonical\" href=\"https:\/\/www.butterflywings.sk\/en\/product\/necklace-eurema-mandarinula\/\" \/>\n<meta property=\"og:locale\" content=\"en_GB\" \/>\n<meta property=\"og:type\" content=\"article\" \/>\n<meta property=\"og:title\" content=\"N\u00e1hrdeln\u00edk Eurema mandarinula - ButterflyWings\" \/>\n<meta property=\"og:description\" content=\"N\u00e1hrdeln\u00edk zo skuto\u010dn\u00fdch kr\u00eddel mot\u00fd\u013ea Eurema mandarinula. Ru\u010dne vyroben\u00fd s l\u00e1skou a v s\u00falade s pr\u00edrodou. N\u00e1hrdeln\u00edk vhodn\u00fd na v\u0161etky pr\u00edle\u017eitosti.\" \/>\n<meta property=\"og:url\" content=\"https:\/\/www.butterflywings.sk\/en\/product\/necklace-eurema-mandarinula\/\" \/>\n<meta property=\"og:site_name\" content=\"ButterflyWings\" \/>\n<meta property=\"article:modified_time\" content=\"2026-01-27T17:58:40+00:00\" \/>\n<meta property=\"og:image\" content=\"https:\/\/www.butterflywings.sk\/wp-content\/uploads\/2025\/06\/18-P1019075-scaled.webp\" \/>\n\t<meta property=\"og:image:width\" content=\"2560\" \/>\n\t<meta property=\"og:image:height\" content=\"1920\" \/>\n\t<meta property=\"og:image:type\" content=\"image\/webp\" \/>\n<meta name=\"twitter:card\" content=\"summary_large_image\" \/>\n<meta name=\"twitter:label1\" content=\"Estimated reading time\" \/>\n\t<meta name=\"twitter:data1\" content=\"2 minutes\" \/>\n<script type=\"application\/ld+json\" class=\"yoast-schema-graph\">{\"@context\":\"https:\\\/\\\/schema.org\",\"@graph\":[{\"@type\":\"WebPage\",\"@id\":\"https:\\\/\\\/www.butterflywings.sk\\\/produkt\\\/nahrdelnik-eurema-mandarinula\\\/\",\"url\":\"https:\\\/\\\/www.butterflywings.sk\\\/produkt\\\/nahrdelnik-eurema-mandarinula\\\/\",\"name\":\"N\u00e1hrdeln\u00edk Eurema mandarinula - ButterflyWings\",\"isPartOf\":{\"@id\":\"https:\\\/\\\/www.butterflywings.sk\\\/#website\"},\"primaryImageOfPage\":{\"@id\":\"https:\\\/\\\/www.butterflywings.sk\\\/produkt\\\/nahrdelnik-eurema-mandarinula\\\/#primaryimage\"},\"image\":{\"@id\":\"https:\\\/\\\/www.butterflywings.sk\\\/produkt\\\/nahrdelnik-eurema-mandarinula\\\/#primaryimage\"},\"thumbnailUrl\":\"https:\\\/\\\/www.butterflywings.sk\\\/wp-content\\\/uploads\\\/2025\\\/06\\\/18-P1019075-scaled.webp\",\"datePublished\":\"2025-06-12T09:10:59+00:00\",\"dateModified\":\"2026-01-27T17:58:40+00:00\",\"description\":\"N\u00e1hrdeln\u00edk zo skuto\u010dn\u00fdch kr\u00eddel mot\u00fd\u013ea Eurema mandarinula. Ru\u010dne vyroben\u00fd s l\u00e1skou a v s\u00falade s pr\u00edrodou. N\u00e1hrdeln\u00edk vhodn\u00fd na v\u0161etky pr\u00edle\u017eitosti.\",\"breadcrumb\":{\"@id\":\"https:\\\/\\\/www.butterflywings.sk\\\/produkt\\\/nahrdelnik-eurema-mandarinula\\\/#breadcrumb\"},\"inLanguage\":\"en-GB\",\"potentialAction\":[{\"@type\":\"ReadAction\",\"target\":[\"https:\\\/\\\/www.butterflywings.sk\\\/produkt\\\/nahrdelnik-eurema-mandarinula\\\/\"]}]},{\"@type\":\"ImageObject\",\"inLanguage\":\"en-GB\",\"@id\":\"https:\\\/\\\/www.butterflywings.sk\\\/produkt\\\/nahrdelnik-eurema-mandarinula\\\/#primaryimage\",\"url\":\"https:\\\/\\\/www.butterflywings.sk\\\/wp-content\\\/uploads\\\/2025\\\/06\\\/18-P1019075-scaled.webp\",\"contentUrl\":\"https:\\\/\\\/www.butterflywings.sk\\\/wp-content\\\/uploads\\\/2025\\\/06\\\/18-P1019075-scaled.webp\",\"width\":2560,\"height\":1920},{\"@type\":\"BreadcrumbList\",\"@id\":\"https:\\\/\\\/www.butterflywings.sk\\\/produkt\\\/nahrdelnik-eurema-mandarinula\\\/#breadcrumb\",\"itemListElement\":[{\"@type\":\"ListItem\",\"position\":1,\"name\":\"Domovsk\u00e1 str\u00e1nka\",\"item\":\"https:\\\/\\\/www.butterflywings.sk\\\/\"},{\"@type\":\"ListItem\",\"position\":2,\"name\":\"Obchod\",\"item\":\"https:\\\/\\\/www.butterflywings.sk\\\/obchod\\\/\"},{\"@type\":\"ListItem\",\"position\":3,\"name\":\"N\u00e1hrdeln\u00edk Eurema mandarinula\"}]},{\"@type\":\"WebSite\",\"@id\":\"https:\\\/\\\/www.butterflywings.sk\\\/#website\",\"url\":\"https:\\\/\\\/www.butterflywings.sk\\\/\",\"name\":\"ButterflyWings\",\"description\":\"\u0160perky z mot\u00fdl\u00edch kr\u00eddel\",\"publisher\":{\"@id\":\"https:\\\/\\\/www.butterflywings.sk\\\/#organization\"},\"potentialAction\":[{\"@type\":\"SearchAction\",\"target\":{\"@type\":\"EntryPoint\",\"urlTemplate\":\"https:\\\/\\\/www.butterflywings.sk\\\/?s={search_term_string}\"},\"query-input\":{\"@type\":\"PropertyValueSpecification\",\"valueRequired\":true,\"valueName\":\"search_term_string\"}}],\"inLanguage\":\"en-GB\"},{\"@type\":\"Organization\",\"@id\":\"https:\\\/\\\/www.butterflywings.sk\\\/#organization\",\"name\":\"ButterflyWings\",\"url\":\"https:\\\/\\\/www.butterflywings.sk\\\/\",\"logo\":{\"@type\":\"ImageObject\",\"inLanguage\":\"en-GB\",\"@id\":\"https:\\\/\\\/www.butterflywings.sk\\\/#\\\/schema\\\/logo\\\/image\\\/\",\"url\":\"https:\\\/\\\/www.butterflywings.sk\\\/wp-content\\\/uploads\\\/2020\\\/02\\\/Snimka_obrazovky_2025-05-22_o_12.37.48-removebg-preview.png\",\"contentUrl\":\"https:\\\/\\\/www.butterflywings.sk\\\/wp-content\\\/uploads\\\/2020\\\/02\\\/Snimka_obrazovky_2025-05-22_o_12.37.48-removebg-preview.png\",\"width\":776,\"height\":322,\"caption\":\"ButterflyWings\"},\"image\":{\"@id\":\"https:\\\/\\\/www.butterflywings.sk\\\/#\\\/schema\\\/logo\\\/image\\\/\"}}]}<\/script>\n<!-- \/ Yoast SEO plugin. -->","yoast_head_json":{"title":"Necklace Eurema mandarinula - ButterflyWings","description":"Necklace made from real wings of the Eurema mandarinula butterfly. Handmade with love and in harmony with nature. A necklace suitable for all occasions.","robots":{"index":"index","follow":"follow","max-snippet":"max-snippet:-1","max-image-preview":"max-image-preview:large","max-video-preview":"max-video-preview:-1"},"canonical":"https:\/\/www.butterflywings.sk\/en\/product\/necklace-eurema-mandarinula\/","og_locale":"en_GB","og_type":"article","og_title":"N\u00e1hrdeln\u00edk Eurema mandarinula - ButterflyWings","og_description":"N\u00e1hrdeln\u00edk zo skuto\u010dn\u00fdch kr\u00eddel mot\u00fd\u013ea Eurema mandarinula. Ru\u010dne vyroben\u00fd s l\u00e1skou a v s\u00falade s pr\u00edrodou. N\u00e1hrdeln\u00edk vhodn\u00fd na v\u0161etky pr\u00edle\u017eitosti.","og_url":"https:\/\/www.butterflywings.sk\/en\/product\/necklace-eurema-mandarinula\/","og_site_name":"ButterflyWings","article_modified_time":"2026-01-27T17:58:40+00:00","og_image":[{"width":2560,"height":1920,"url":"https:\/\/www.butterflywings.sk\/wp-content\/uploads\/2025\/06\/18-P1019075-scaled.webp","type":"image\/webp"}],"twitter_card":"summary_large_image","twitter_misc":{"Estimated reading time":"2 minutes"},"schema":{"@context":"https:\/\/schema.org","@graph":[{"@type":"WebPage","@id":"https:\/\/www.butterflywings.sk\/produkt\/nahrdelnik-eurema-mandarinula\/","url":"https:\/\/www.butterflywings.sk\/produkt\/nahrdelnik-eurema-mandarinula\/","name":"Necklace Eurema mandarinula - ButterflyWings","isPartOf":{"@id":"https:\/\/www.butterflywings.sk\/#website"},"primaryImageOfPage":{"@id":"https:\/\/www.butterflywings.sk\/produkt\/nahrdelnik-eurema-mandarinula\/#primaryimage"},"image":{"@id":"https:\/\/www.butterflywings.sk\/produkt\/nahrdelnik-eurema-mandarinula\/#primaryimage"},"thumbnailUrl":"https:\/\/www.butterflywings.sk\/wp-content\/uploads\/2025\/06\/18-P1019075-scaled.webp","datePublished":"2025-06-12T09:10:59+00:00","dateModified":"2026-01-27T17:58:40+00:00","description":"Necklace made from real wings of the Eurema mandarinula butterfly. Handmade with love and in harmony with nature. A necklace suitable for all occasions.","breadcrumb":{"@id":"https:\/\/www.butterflywings.sk\/produkt\/nahrdelnik-eurema-mandarinula\/#breadcrumb"},"inLanguage":"en-GB","potentialAction":[{"@type":"ReadAction","target":["https:\/\/www.butterflywings.sk\/produkt\/nahrdelnik-eurema-mandarinula\/"]}]},{"@type":"ImageObject","inLanguage":"en-GB","@id":"https:\/\/www.butterflywings.sk\/produkt\/nahrdelnik-eurema-mandarinula\/#primaryimage","url":"https:\/\/www.butterflywings.sk\/wp-content\/uploads\/2025\/06\/18-P1019075-scaled.webp","contentUrl":"https:\/\/www.butterflywings.sk\/wp-content\/uploads\/2025\/06\/18-P1019075-scaled.webp","width":2560,"height":1920},{"@type":"BreadcrumbList","@id":"https:\/\/www.butterflywings.sk\/produkt\/nahrdelnik-eurema-mandarinula\/#breadcrumb","itemListElement":[{"@type":"ListItem","position":1,"name":"Domovsk\u00e1 str\u00e1nka","item":"https:\/\/www.butterflywings.sk\/"},{"@type":"ListItem","position":2,"name":"Obchod","item":"https:\/\/www.butterflywings.sk\/obchod\/"},{"@type":"ListItem","position":3,"name":"N\u00e1hrdeln\u00edk Eurema mandarinula"}]},{"@type":"WebSite","@id":"https:\/\/www.butterflywings.sk\/#website","url":"https:\/\/www.butterflywings.sk\/","name":"ButterflyWings","description":"Jewellery made of butterfly wings","publisher":{"@id":"https:\/\/www.butterflywings.sk\/#organization"},"potentialAction":[{"@type":"SearchAction","target":{"@type":"EntryPoint","urlTemplate":"https:\/\/www.butterflywings.sk\/?s={search_term_string}"},"query-input":{"@type":"PropertyValueSpecification","valueRequired":true,"valueName":"search_term_string"}}],"inLanguage":"en-GB"},{"@type":"Organization","@id":"https:\/\/www.butterflywings.sk\/#organization","name":"ButterflyWings","url":"https:\/\/www.butterflywings.sk\/","logo":{"@type":"ImageObject","inLanguage":"en-GB","@id":"https:\/\/www.butterflywings.sk\/#\/schema\/logo\/image\/","url":"https:\/\/www.butterflywings.sk\/wp-content\/uploads\/2020\/02\/Snimka_obrazovky_2025-05-22_o_12.37.48-removebg-preview.png","contentUrl":"https:\/\/www.butterflywings.sk\/wp-content\/uploads\/2020\/02\/Snimka_obrazovky_2025-05-22_o_12.37.48-removebg-preview.png","width":776,"height":322,"caption":"ButterflyWings"},"image":{"@id":"https:\/\/www.butterflywings.sk\/#\/schema\/logo\/image\/"}}]}},"_links":{"self":[{"href":"https:\/\/www.butterflywings.sk\/en\/wp-json\/wp\/v2\/product\/989974","targetHints":{"allow":["GET"]}}],"collection":[{"href":"https:\/\/www.butterflywings.sk\/en\/wp-json\/wp\/v2\/product"}],"about":[{"href":"https:\/\/www.butterflywings.sk\/en\/wp-json\/wp\/v2\/types\/product"}],"version-history":[{"count":3,"href":"https:\/\/www.butterflywings.sk\/en\/wp-json\/wp\/v2\/product\/989974\/revisions"}],"predecessor-version":[{"id":992317,"href":"https:\/\/www.butterflywings.sk\/en\/wp-json\/wp\/v2\/product\/989974\/revisions\/992317"}],"wp:featuredmedia":[{"embeddable":true,"href":"https:\/\/www.butterflywings.sk\/en\/wp-json\/wp\/v2\/media\/991693"}],"wp:attachment":[{"href":"https:\/\/www.butterflywings.sk\/en\/wp-json\/wp\/v2\/media?parent=989974"}],"wp:term":[{"taxonomy":"product_brand","embeddable":true,"href":"https:\/\/www.butterflywings.sk\/en\/wp-json\/wp\/v2\/product_brand?post=989974"},{"taxonomy":"product_cat","embeddable":true,"href":"https:\/\/www.butterflywings.sk\/en\/wp-json\/wp\/v2\/product_cat?post=989974"},{"taxonomy":"product_tag","embeddable":true,"href":"https:\/\/www.butterflywings.sk\/en\/wp-json\/wp\/v2\/product_tag?post=989974"}],"curies":[{"name":"wp","href":"https:\/\/api.w.org\/{rel}","templated":true}]}}