{"id":989963,"date":"2025-06-12T11:10:55","date_gmt":"2025-06-12T09:10:55","guid":{"rendered":"https:\/\/www.butterflywings.sk\/produkt\/manzetove-gombiky-urania-leilus\/"},"modified":"2026-01-27T18:45:13","modified_gmt":"2026-01-27T17:45:13","slug":"cufflinks-tirumala-limniace","status":"publish","type":"product","link":"https:\/\/www.butterflywings.sk\/en\/product\/cufflinks-tirumala-limniace\/","title":{"rendered":"Cufflinks Tirumala limniace"},"content":{"rendered":"<div class=\"vgblk-rw-wrapper limit-wrapper\">Butterflywings, chirurgick\u00e1 oce\u013e, <span style=\"font-size: 16px\">dar\u010dek z pr\u00edrody,<\/span><span style=\"font-size: 16px\"> handmade, <\/span><span style=\"font-size: 16px\">jedine\u010dn\u00fd \u0161perk, n<\/span><span style=\"font-size: 16px\">ev\u0161edn\u00fd \u0161perk, <\/span><span style=\"font-size: 16px\">original Jewelry,<\/span><span style=\"font-size: 16px\"> prav\u00e9 mot\u00fdlie kr\u00eddla, <\/span><span style=\"font-size: 16px\">pre mu\u017ea,<\/span><span style=\"font-size: 16px\"> ru\u010dn\u00e1 v\u00fdroba, <\/span><span style=\"font-size: 16px\">sklo,<\/span><span style=\"font-size: 16px\"> \u0161perky z mot\u00fdl\u00edch kr\u00eddel, <\/span><span style=\"font-size: 16px\">unik\u00e1t,<\/span><span style=\"font-size: 16px\"> Tirumala limniace,<\/span><span style=\"font-size: 16px\"> Wings of Butterfly, man\u017eetov\u00e9 gomb\u00edky, cufflinks<\/span><\/p>\n<p>We at Butterflywings.sk make jewellery from butterfly wings of naturally dead butterflies, paintings and other home decorations using various exotic species of butterflies and other insects. The specimens are mainly sourced from natives of developing countries, thus providing them with a regular income and helping them to make a better life in impoverished areas. Our friends raise butterflies and insects on their farms or catch them in the wild. However, they only catch males in the post-mating season so as not to endanger the biological balance of nature. They do not kill the butterflies, but let them die naturally. Once exported to us, the wings are processed and inserted into surgical steel components in the form of necklaces, earrings, bracelets, rings, etc. We only use commonly occurring insect species whose populations are not endangered and which are not subject to international CITES protection.<\/p>\n<p>In addition to the e-shop, you can buy our products in several locations in Slovakia. See a map of sales locations here:<\/p>\n<blockquote class=\"wp-embedded-content\" data-secret=\"RQ8FPRdd0h\"><p><a href=\"https:\/\/www.butterflywings.sk\/en\/contact\/\">Contact<\/a><\/p><\/blockquote>\n<p><iframe class=\"wp-embedded-content\" sandbox=\"allow-scripts\" security=\"restricted\" style=\"position: absolute; visibility: hidden;\" title=\"\u201cContact\u201d - ButterflyWings\" src=\"https:\/\/www.butterflywings.sk\/kontakt\/embed\/#?secret=5lZ8hSWnj7#?secret=RQ8FPRdd0h\" data-secret=\"RQ8FPRdd0h\" width=\"600\" height=\"338\" frameborder=\"0\" marginwidth=\"0\" marginheight=\"0\" scrolling=\"no\"><\/iframe><\/p>\n<p>&nbsp;<\/p>\n<blockquote class=\"wp-embedded-content\" data-secret=\"hy6JSn2kZJ\"><p><a href=\"https:\/\/www.butterflywings.sk\/en\/butterfly-species\/\">Types of butterflies whose wings can be found in our jewellery<\/a><\/p><\/blockquote>\n<p><iframe class=\"wp-embedded-content\" sandbox=\"allow-scripts\" security=\"restricted\" style=\"position: absolute; visibility: hidden;\" title=\"\u201cTypes of butterflies whose wings can be found in our jewellery\u201d - ButterflyWings\" src=\"https:\/\/www.butterflywings.sk\/druhy-motylov\/embed\/#?secret=6wsWK5nbGA#?secret=hy6JSn2kZJ\" data-secret=\"hy6JSn2kZJ\" width=\"600\" height=\"338\" frameborder=\"0\" marginwidth=\"0\" marginheight=\"0\" scrolling=\"no\"><\/iframe><\/p>\n<p>Facebook:<\/p>\n<p>https:\/\/www.facebook.com\/groups\/249522415826793\/<\/p>\n<p>https:\/\/www.facebook.com\/profile.php?id=61576798633169<\/p>\n<p>Instagram:<\/p>\n<p>https:\/\/www.instagram.com\/p\/DUBP5HEiIbe\/?utm_source=ig_web_copy_link&#038;igsh=NTc4MTIwNjQ2YQ==<\/p>\n<p>&nbsp;<\/p>\n<p>Man\u017eetov\u00e9 gomb\u00edky z chirurgickej ocele a skla pre p\u00e1nov s vlo\u017een\u00fdmi skuto\u010dn\u00fdmi mot\u00fdl\u00edmi kr\u00eddlami. Kr\u00eddla mot\u00fd\u013ea Tirumala limniace. Man\u017eetov\u00e9 gomb\u00edky vyroben\u00e9 ru\u010dne s l\u00e1skou a v s\u00falade s pr\u00edrodou. Zla\u010fte sa s d\u00e1mou svojho srdca do spolo\u010dnosti.<\/p>\n<p>Man\u017eetov\u00e9 gomb\u00edky Tirumala limniace:<\/p>\n<ul>\n<li>product number EG101<\/li>\n<li>surgical steel, glass<\/li>\n<li>Glass slide \u00d8 12 mm<\/li>\n<li>weight 5,5 g<\/li>\n<li>packaging - gift box, cleaning cloth, car fragrance, gift bag<\/li>\n<\/ul>\n<\/div>\n<p><!-- .vgblk-rw-wrapper --><\/p>","protected":false},"excerpt":{"rendered":"<ul>\n<li>product number EG101<\/li>\n<li>surgical steel, glass<\/li>\n<li>Glass slide \u00d8 12 mm<\/li>\n<li>weight 5,5 g<\/li>\n<li>packaging - gift box, cleaning cloth, car fragrance, gift bag<\/li>\n<\/ul>","protected":false},"featured_media":991945,"template":"","meta":[],"product_brand":[],"product_cat":[96,30],"product_tag":[122,133,142,140,108,134,105,138],"class_list":{"0":"post-989963","1":"product","2":"type-product","3":"status-publish","4":"has-post-thumbnail","6":"product_cat-pre-muzov","7":"product_cat-sperky","8":"product_tag-darcek-z-prirody","9":"product_tag-manzetove-gombiky","10":"product_tag-orig","11":"product_tag-original-jewelry","12":"product_tag-prave-motylie-kridla","13":"product_tag-pre-muza","14":"product_tag-unikat","15":"product_tag-wings-of-butterfly","17":"first","18":"instock","19":"taxable","20":"shipping-taxable","21":"purchasable","22":"product-type-simple"},"yoast_head":"<!-- This site is optimized with the Yoast SEO plugin v27.5 - https:\/\/yoast.com\/product\/yoast-seo-wordpress\/ -->\n<title>Man\u017eetov\u00e9 gomb\u00edky Tirumala limniace - ButterflyWings<\/title>\n<meta name=\"description\" content=\"Man\u017eetov\u00e9 gomb\u00edky pre p\u00e1nov zo skuto\u010dn\u00fdch kr\u00eddel mot\u00fd\u013ea Tirumala limniace. Vyroben\u00e9 ru\u010dne s l\u00e1skou a v s\u00falade s pr\u00edrodou.\" \/>\n<meta name=\"robots\" content=\"index, follow, max-snippet:-1, max-image-preview:large, max-video-preview:-1\" \/>\n<link rel=\"canonical\" href=\"https:\/\/www.butterflywings.sk\/en\/product\/cufflinks-tirumala-limniace\/\" \/>\n<meta property=\"og:locale\" content=\"en_GB\" \/>\n<meta property=\"og:type\" content=\"article\" \/>\n<meta property=\"og:title\" content=\"Man\u017eetov\u00e9 gomb\u00edky Tirumala limniace - ButterflyWings\" \/>\n<meta property=\"og:description\" content=\"Man\u017eetov\u00e9 gomb\u00edky pre p\u00e1nov zo skuto\u010dn\u00fdch kr\u00eddel mot\u00fd\u013ea Tirumala limniace. Vyroben\u00e9 ru\u010dne s l\u00e1skou a v s\u00falade s pr\u00edrodou.\" \/>\n<meta property=\"og:url\" content=\"https:\/\/www.butterflywings.sk\/en\/product\/cufflinks-tirumala-limniace\/\" \/>\n<meta property=\"og:site_name\" content=\"ButterflyWings\" \/>\n<meta property=\"article:modified_time\" content=\"2026-01-27T17:45:13+00:00\" \/>\n<meta property=\"og:image\" content=\"https:\/\/www.butterflywings.sk\/wp-content\/uploads\/2025\/09\/27-P1019160-scaled.webp\" \/>\n\t<meta property=\"og:image:width\" content=\"2560\" \/>\n\t<meta property=\"og:image:height\" content=\"1920\" \/>\n\t<meta property=\"og:image:type\" content=\"image\/webp\" \/>\n<meta name=\"twitter:card\" content=\"summary_large_image\" \/>\n<meta name=\"twitter:label1\" content=\"Estimated reading time\" \/>\n\t<meta name=\"twitter:data1\" content=\"2 minutes\" \/>\n<script type=\"application\/ld+json\" class=\"yoast-schema-graph\">{\"@context\":\"https:\\\/\\\/schema.org\",\"@graph\":[{\"@type\":\"WebPage\",\"@id\":\"https:\\\/\\\/www.butterflywings.sk\\\/produkt\\\/manzetove-gombiky-tirumala-limniace\\\/\",\"url\":\"https:\\\/\\\/www.butterflywings.sk\\\/produkt\\\/manzetove-gombiky-tirumala-limniace\\\/\",\"name\":\"Man\u017eetov\u00e9 gomb\u00edky Tirumala limniace - ButterflyWings\",\"isPartOf\":{\"@id\":\"https:\\\/\\\/www.butterflywings.sk\\\/#website\"},\"primaryImageOfPage\":{\"@id\":\"https:\\\/\\\/www.butterflywings.sk\\\/produkt\\\/manzetove-gombiky-tirumala-limniace\\\/#primaryimage\"},\"image\":{\"@id\":\"https:\\\/\\\/www.butterflywings.sk\\\/produkt\\\/manzetove-gombiky-tirumala-limniace\\\/#primaryimage\"},\"thumbnailUrl\":\"https:\\\/\\\/www.butterflywings.sk\\\/wp-content\\\/uploads\\\/2025\\\/09\\\/27-P1019160-scaled.webp\",\"datePublished\":\"2025-06-12T09:10:55+00:00\",\"dateModified\":\"2026-01-27T17:45:13+00:00\",\"description\":\"Man\u017eetov\u00e9 gomb\u00edky pre p\u00e1nov zo skuto\u010dn\u00fdch kr\u00eddel mot\u00fd\u013ea Tirumala limniace. Vyroben\u00e9 ru\u010dne s l\u00e1skou a v s\u00falade s pr\u00edrodou.\",\"breadcrumb\":{\"@id\":\"https:\\\/\\\/www.butterflywings.sk\\\/produkt\\\/manzetove-gombiky-tirumala-limniace\\\/#breadcrumb\"},\"inLanguage\":\"en-GB\",\"potentialAction\":[{\"@type\":\"ReadAction\",\"target\":[\"https:\\\/\\\/www.butterflywings.sk\\\/produkt\\\/manzetove-gombiky-tirumala-limniace\\\/\"]}]},{\"@type\":\"ImageObject\",\"inLanguage\":\"en-GB\",\"@id\":\"https:\\\/\\\/www.butterflywings.sk\\\/produkt\\\/manzetove-gombiky-tirumala-limniace\\\/#primaryimage\",\"url\":\"https:\\\/\\\/www.butterflywings.sk\\\/wp-content\\\/uploads\\\/2025\\\/09\\\/27-P1019160-scaled.webp\",\"contentUrl\":\"https:\\\/\\\/www.butterflywings.sk\\\/wp-content\\\/uploads\\\/2025\\\/09\\\/27-P1019160-scaled.webp\",\"width\":2560,\"height\":1920},{\"@type\":\"BreadcrumbList\",\"@id\":\"https:\\\/\\\/www.butterflywings.sk\\\/produkt\\\/manzetove-gombiky-tirumala-limniace\\\/#breadcrumb\",\"itemListElement\":[{\"@type\":\"ListItem\",\"position\":1,\"name\":\"Domovsk\u00e1 str\u00e1nka\",\"item\":\"https:\\\/\\\/www.butterflywings.sk\\\/\"},{\"@type\":\"ListItem\",\"position\":2,\"name\":\"Obchod\",\"item\":\"https:\\\/\\\/www.butterflywings.sk\\\/obchod\\\/\"},{\"@type\":\"ListItem\",\"position\":3,\"name\":\"Man\u017eetov\u00e9 gomb\u00edky Tirumala limniace\"}]},{\"@type\":\"WebSite\",\"@id\":\"https:\\\/\\\/www.butterflywings.sk\\\/#website\",\"url\":\"https:\\\/\\\/www.butterflywings.sk\\\/\",\"name\":\"ButterflyWings\",\"description\":\"\u0160perky z mot\u00fdl\u00edch kr\u00eddel\",\"publisher\":{\"@id\":\"https:\\\/\\\/www.butterflywings.sk\\\/#organization\"},\"potentialAction\":[{\"@type\":\"SearchAction\",\"target\":{\"@type\":\"EntryPoint\",\"urlTemplate\":\"https:\\\/\\\/www.butterflywings.sk\\\/?s={search_term_string}\"},\"query-input\":{\"@type\":\"PropertyValueSpecification\",\"valueRequired\":true,\"valueName\":\"search_term_string\"}}],\"inLanguage\":\"en-GB\"},{\"@type\":\"Organization\",\"@id\":\"https:\\\/\\\/www.butterflywings.sk\\\/#organization\",\"name\":\"ButterflyWings\",\"url\":\"https:\\\/\\\/www.butterflywings.sk\\\/\",\"logo\":{\"@type\":\"ImageObject\",\"inLanguage\":\"en-GB\",\"@id\":\"https:\\\/\\\/www.butterflywings.sk\\\/#\\\/schema\\\/logo\\\/image\\\/\",\"url\":\"https:\\\/\\\/www.butterflywings.sk\\\/wp-content\\\/uploads\\\/2020\\\/02\\\/Snimka_obrazovky_2025-05-22_o_12.37.48-removebg-preview.png\",\"contentUrl\":\"https:\\\/\\\/www.butterflywings.sk\\\/wp-content\\\/uploads\\\/2020\\\/02\\\/Snimka_obrazovky_2025-05-22_o_12.37.48-removebg-preview.png\",\"width\":776,\"height\":322,\"caption\":\"ButterflyWings\"},\"image\":{\"@id\":\"https:\\\/\\\/www.butterflywings.sk\\\/#\\\/schema\\\/logo\\\/image\\\/\"}}]}<\/script>\n<!-- \/ Yoast SEO plugin. -->","yoast_head_json":{"title":"Cufflinks Tirumala limniace - ButterflyWings","description":"Cufflinks for men made from real wings of the Tirumala limniace butterfly. Handmade with love and in harmony with nature.","robots":{"index":"index","follow":"follow","max-snippet":"max-snippet:-1","max-image-preview":"max-image-preview:large","max-video-preview":"max-video-preview:-1"},"canonical":"https:\/\/www.butterflywings.sk\/en\/product\/cufflinks-tirumala-limniace\/","og_locale":"en_GB","og_type":"article","og_title":"Man\u017eetov\u00e9 gomb\u00edky Tirumala limniace - ButterflyWings","og_description":"Man\u017eetov\u00e9 gomb\u00edky pre p\u00e1nov zo skuto\u010dn\u00fdch kr\u00eddel mot\u00fd\u013ea Tirumala limniace. Vyroben\u00e9 ru\u010dne s l\u00e1skou a v s\u00falade s pr\u00edrodou.","og_url":"https:\/\/www.butterflywings.sk\/en\/product\/cufflinks-tirumala-limniace\/","og_site_name":"ButterflyWings","article_modified_time":"2026-01-27T17:45:13+00:00","og_image":[{"width":2560,"height":1920,"url":"https:\/\/www.butterflywings.sk\/wp-content\/uploads\/2025\/09\/27-P1019160-scaled.webp","type":"image\/webp"}],"twitter_card":"summary_large_image","twitter_misc":{"Estimated reading time":"2 minutes"},"schema":{"@context":"https:\/\/schema.org","@graph":[{"@type":"WebPage","@id":"https:\/\/www.butterflywings.sk\/produkt\/manzetove-gombiky-tirumala-limniace\/","url":"https:\/\/www.butterflywings.sk\/produkt\/manzetove-gombiky-tirumala-limniace\/","name":"Cufflinks Tirumala limniace - ButterflyWings","isPartOf":{"@id":"https:\/\/www.butterflywings.sk\/#website"},"primaryImageOfPage":{"@id":"https:\/\/www.butterflywings.sk\/produkt\/manzetove-gombiky-tirumala-limniace\/#primaryimage"},"image":{"@id":"https:\/\/www.butterflywings.sk\/produkt\/manzetove-gombiky-tirumala-limniace\/#primaryimage"},"thumbnailUrl":"https:\/\/www.butterflywings.sk\/wp-content\/uploads\/2025\/09\/27-P1019160-scaled.webp","datePublished":"2025-06-12T09:10:55+00:00","dateModified":"2026-01-27T17:45:13+00:00","description":"Cufflinks for men made from real wings of the Tirumala limniace butterfly. Handmade with love and in harmony with nature.","breadcrumb":{"@id":"https:\/\/www.butterflywings.sk\/produkt\/manzetove-gombiky-tirumala-limniace\/#breadcrumb"},"inLanguage":"en-GB","potentialAction":[{"@type":"ReadAction","target":["https:\/\/www.butterflywings.sk\/produkt\/manzetove-gombiky-tirumala-limniace\/"]}]},{"@type":"ImageObject","inLanguage":"en-GB","@id":"https:\/\/www.butterflywings.sk\/produkt\/manzetove-gombiky-tirumala-limniace\/#primaryimage","url":"https:\/\/www.butterflywings.sk\/wp-content\/uploads\/2025\/09\/27-P1019160-scaled.webp","contentUrl":"https:\/\/www.butterflywings.sk\/wp-content\/uploads\/2025\/09\/27-P1019160-scaled.webp","width":2560,"height":1920},{"@type":"BreadcrumbList","@id":"https:\/\/www.butterflywings.sk\/produkt\/manzetove-gombiky-tirumala-limniace\/#breadcrumb","itemListElement":[{"@type":"ListItem","position":1,"name":"Domovsk\u00e1 str\u00e1nka","item":"https:\/\/www.butterflywings.sk\/"},{"@type":"ListItem","position":2,"name":"Obchod","item":"https:\/\/www.butterflywings.sk\/obchod\/"},{"@type":"ListItem","position":3,"name":"Man\u017eetov\u00e9 gomb\u00edky Tirumala limniace"}]},{"@type":"WebSite","@id":"https:\/\/www.butterflywings.sk\/#website","url":"https:\/\/www.butterflywings.sk\/","name":"ButterflyWings","description":"Jewellery made of butterfly wings","publisher":{"@id":"https:\/\/www.butterflywings.sk\/#organization"},"potentialAction":[{"@type":"SearchAction","target":{"@type":"EntryPoint","urlTemplate":"https:\/\/www.butterflywings.sk\/?s={search_term_string}"},"query-input":{"@type":"PropertyValueSpecification","valueRequired":true,"valueName":"search_term_string"}}],"inLanguage":"en-GB"},{"@type":"Organization","@id":"https:\/\/www.butterflywings.sk\/#organization","name":"ButterflyWings","url":"https:\/\/www.butterflywings.sk\/","logo":{"@type":"ImageObject","inLanguage":"en-GB","@id":"https:\/\/www.butterflywings.sk\/#\/schema\/logo\/image\/","url":"https:\/\/www.butterflywings.sk\/wp-content\/uploads\/2020\/02\/Snimka_obrazovky_2025-05-22_o_12.37.48-removebg-preview.png","contentUrl":"https:\/\/www.butterflywings.sk\/wp-content\/uploads\/2020\/02\/Snimka_obrazovky_2025-05-22_o_12.37.48-removebg-preview.png","width":776,"height":322,"caption":"ButterflyWings"},"image":{"@id":"https:\/\/www.butterflywings.sk\/#\/schema\/logo\/image\/"}}]}},"_links":{"self":[{"href":"https:\/\/www.butterflywings.sk\/en\/wp-json\/wp\/v2\/product\/989963","targetHints":{"allow":["GET"]}}],"collection":[{"href":"https:\/\/www.butterflywings.sk\/en\/wp-json\/wp\/v2\/product"}],"about":[{"href":"https:\/\/www.butterflywings.sk\/en\/wp-json\/wp\/v2\/types\/product"}],"version-history":[{"count":3,"href":"https:\/\/www.butterflywings.sk\/en\/wp-json\/wp\/v2\/product\/989963\/revisions"}],"predecessor-version":[{"id":992314,"href":"https:\/\/www.butterflywings.sk\/en\/wp-json\/wp\/v2\/product\/989963\/revisions\/992314"}],"wp:featuredmedia":[{"embeddable":true,"href":"https:\/\/www.butterflywings.sk\/en\/wp-json\/wp\/v2\/media\/991945"}],"wp:attachment":[{"href":"https:\/\/www.butterflywings.sk\/en\/wp-json\/wp\/v2\/media?parent=989963"}],"wp:term":[{"taxonomy":"product_brand","embeddable":true,"href":"https:\/\/www.butterflywings.sk\/en\/wp-json\/wp\/v2\/product_brand?post=989963"},{"taxonomy":"product_cat","embeddable":true,"href":"https:\/\/www.butterflywings.sk\/en\/wp-json\/wp\/v2\/product_cat?post=989963"},{"taxonomy":"product_tag","embeddable":true,"href":"https:\/\/www.butterflywings.sk\/en\/wp-json\/wp\/v2\/product_tag?post=989963"}],"curies":[{"name":"wp","href":"https:\/\/api.w.org\/{rel}","templated":true}]}}