{"id":989537,"date":"2025-06-05T13:55:47","date_gmt":"2025-06-05T11:55:47","guid":{"rendered":"https:\/\/www.butterflywings.sk\/produkt\/nausnice-heliconius-elevatus\/"},"modified":"2026-01-20T14:36:06","modified_gmt":"2026-01-20T13:36:06","slug":"earmuffs-heliconius-elevatus","status":"publish","type":"product","link":"https:\/\/www.butterflywings.sk\/en\/product\/earmuffs-heliconius-elevatus\/","title":{"rendered":"Earrings Heliconius elevatus"},"content":{"rendered":"","protected":false},"excerpt":{"rendered":"<ul>\n<li>hanging, product number EN310<\/li>\n<li>surgical steel, glass<\/li>\n<li>Glass slide \u00d8 10 mm<\/li>\n<li>weight 2,3 g<\/li>\n<li>packaging - gift box, cleaning cloth, gift bag<\/li>\n<\/ul>","protected":false},"featured_media":991430,"template":"","meta":[],"product_brand":[],"product_cat":[66,30],"product_tag":[90,123,107,33,132,117,137,139,110,106,140,108,135,138],"class_list":{"0":"post-989537","1":"product","2":"type-product","3":"status-publish","4":"has-post-thumbnail","6":"product_cat-nausnice","7":"product_cat-sperky","8":"product_tag-butterflywings","9":"product_tag-darcek-pre-milovnicku-prirody","10":"product_tag-darcek-pre-zenu","11":"product_tag-earrings","12":"product_tag-jedinecny-sperk","13":"product_tag-jemnost","14":"product_tag-jewelry-for-woman","15":"product_tag-jewelry-from-nature","16":"product_tag-nausnice","17":"product_tag-original","18":"product_tag-original-jewelry","19":"product_tag-prave-motylie-kridla","20":"product_tag-sperky-pre-kazdu-prilezitost","21":"product_tag-wings-of-butterfly","23":"first","24":"instock","25":"taxable","26":"shipping-taxable","27":"purchasable","28":"product-type-simple"},"yoast_head":"<!-- This site is optimized with the Yoast SEO plugin v27.5 - https:\/\/yoast.com\/product\/yoast-seo-wordpress\/ -->\n<title>N\u00e1u\u0161nice Heliconius elevatus - ButterflyWings<\/title>\n<meta name=\"description\" content=\"Visiace n\u00e1u\u0161nice z kr\u00eddel mot\u00fd\u013ea Hypolimnas dexithea\" \/>\n<meta name=\"robots\" content=\"index, follow, max-snippet:-1, max-image-preview:large, max-video-preview:-1\" \/>\n<link rel=\"canonical\" href=\"https:\/\/www.butterflywings.sk\/en\/product\/earmuffs-heliconius-elevatus\/\" \/>\n<meta property=\"og:locale\" content=\"en_GB\" \/>\n<meta property=\"og:type\" content=\"article\" \/>\n<meta property=\"og:title\" content=\"N\u00e1u\u0161nice Heliconius elevatus - ButterflyWings\" \/>\n<meta property=\"og:description\" content=\"Visiace n\u00e1u\u0161nice z kr\u00eddel mot\u00fd\u013ea Hypolimnas dexithea\" \/>\n<meta property=\"og:url\" content=\"https:\/\/www.butterflywings.sk\/en\/product\/earmuffs-heliconius-elevatus\/\" \/>\n<meta property=\"og:site_name\" content=\"ButterflyWings\" \/>\n<meta property=\"article:modified_time\" content=\"2026-01-20T13:36:06+00:00\" \/>\n<meta property=\"og:image\" content=\"https:\/\/www.butterflywings.sk\/wp-content\/uploads\/2025\/09\/EN310-converted-from-jpg-scaled.webp\" \/>\n\t<meta property=\"og:image:width\" content=\"2560\" \/>\n\t<meta property=\"og:image:height\" content=\"1920\" \/>\n\t<meta property=\"og:image:type\" content=\"image\/webp\" \/>\n<meta name=\"twitter:card\" content=\"summary_large_image\" \/>\n<meta name=\"twitter:label1\" content=\"Estimated reading time\" \/>\n\t<meta name=\"twitter:data1\" content=\"1 minute\" \/>\n<script type=\"application\/ld+json\" class=\"yoast-schema-graph\">{\"@context\":\"https:\\\/\\\/schema.org\",\"@graph\":[{\"@type\":\"WebPage\",\"@id\":\"https:\\\/\\\/www.butterflywings.sk\\\/produkt\\\/nausnice-heliconius-elevatus\\\/\",\"url\":\"https:\\\/\\\/www.butterflywings.sk\\\/produkt\\\/nausnice-heliconius-elevatus\\\/\",\"name\":\"N\u00e1u\u0161nice Heliconius elevatus - ButterflyWings\",\"isPartOf\":{\"@id\":\"https:\\\/\\\/www.butterflywings.sk\\\/#website\"},\"primaryImageOfPage\":{\"@id\":\"https:\\\/\\\/www.butterflywings.sk\\\/produkt\\\/nausnice-heliconius-elevatus\\\/#primaryimage\"},\"image\":{\"@id\":\"https:\\\/\\\/www.butterflywings.sk\\\/produkt\\\/nausnice-heliconius-elevatus\\\/#primaryimage\"},\"thumbnailUrl\":\"https:\\\/\\\/www.butterflywings.sk\\\/wp-content\\\/uploads\\\/2025\\\/09\\\/EN310-converted-from-jpg-scaled.webp\",\"datePublished\":\"2025-06-05T11:55:47+00:00\",\"dateModified\":\"2026-01-20T13:36:06+00:00\",\"description\":\"Visiace n\u00e1u\u0161nice z kr\u00eddel mot\u00fd\u013ea Hypolimnas dexithea\",\"breadcrumb\":{\"@id\":\"https:\\\/\\\/www.butterflywings.sk\\\/produkt\\\/nausnice-heliconius-elevatus\\\/#breadcrumb\"},\"inLanguage\":\"en-GB\",\"potentialAction\":[{\"@type\":\"ReadAction\",\"target\":[\"https:\\\/\\\/www.butterflywings.sk\\\/produkt\\\/nausnice-heliconius-elevatus\\\/\"]}]},{\"@type\":\"ImageObject\",\"inLanguage\":\"en-GB\",\"@id\":\"https:\\\/\\\/www.butterflywings.sk\\\/produkt\\\/nausnice-heliconius-elevatus\\\/#primaryimage\",\"url\":\"https:\\\/\\\/www.butterflywings.sk\\\/wp-content\\\/uploads\\\/2025\\\/09\\\/EN310-converted-from-jpg-scaled.webp\",\"contentUrl\":\"https:\\\/\\\/www.butterflywings.sk\\\/wp-content\\\/uploads\\\/2025\\\/09\\\/EN310-converted-from-jpg-scaled.webp\",\"width\":2560,\"height\":1920},{\"@type\":\"BreadcrumbList\",\"@id\":\"https:\\\/\\\/www.butterflywings.sk\\\/produkt\\\/nausnice-heliconius-elevatus\\\/#breadcrumb\",\"itemListElement\":[{\"@type\":\"ListItem\",\"position\":1,\"name\":\"Domovsk\u00e1 str\u00e1nka\",\"item\":\"https:\\\/\\\/www.butterflywings.sk\\\/\"},{\"@type\":\"ListItem\",\"position\":2,\"name\":\"Obchod\",\"item\":\"https:\\\/\\\/www.butterflywings.sk\\\/obchod\\\/\"},{\"@type\":\"ListItem\",\"position\":3,\"name\":\"N\u00e1u\u0161nice Heliconius elevatus\"}]},{\"@type\":\"WebSite\",\"@id\":\"https:\\\/\\\/www.butterflywings.sk\\\/#website\",\"url\":\"https:\\\/\\\/www.butterflywings.sk\\\/\",\"name\":\"ButterflyWings\",\"description\":\"\u0160perky z mot\u00fdl\u00edch kr\u00eddel\",\"publisher\":{\"@id\":\"https:\\\/\\\/www.butterflywings.sk\\\/#organization\"},\"potentialAction\":[{\"@type\":\"SearchAction\",\"target\":{\"@type\":\"EntryPoint\",\"urlTemplate\":\"https:\\\/\\\/www.butterflywings.sk\\\/?s={search_term_string}\"},\"query-input\":{\"@type\":\"PropertyValueSpecification\",\"valueRequired\":true,\"valueName\":\"search_term_string\"}}],\"inLanguage\":\"en-GB\"},{\"@type\":\"Organization\",\"@id\":\"https:\\\/\\\/www.butterflywings.sk\\\/#organization\",\"name\":\"ButterflyWings\",\"url\":\"https:\\\/\\\/www.butterflywings.sk\\\/\",\"logo\":{\"@type\":\"ImageObject\",\"inLanguage\":\"en-GB\",\"@id\":\"https:\\\/\\\/www.butterflywings.sk\\\/#\\\/schema\\\/logo\\\/image\\\/\",\"url\":\"https:\\\/\\\/www.butterflywings.sk\\\/wp-content\\\/uploads\\\/2020\\\/02\\\/Snimka_obrazovky_2025-05-22_o_12.37.48-removebg-preview.png\",\"contentUrl\":\"https:\\\/\\\/www.butterflywings.sk\\\/wp-content\\\/uploads\\\/2020\\\/02\\\/Snimka_obrazovky_2025-05-22_o_12.37.48-removebg-preview.png\",\"width\":776,\"height\":322,\"caption\":\"ButterflyWings\"},\"image\":{\"@id\":\"https:\\\/\\\/www.butterflywings.sk\\\/#\\\/schema\\\/logo\\\/image\\\/\"}}]}<\/script>\n<!-- \/ Yoast SEO plugin. -->","yoast_head_json":{"title":"Earrings Heliconius elevatus - ButterflyWings","description":"Hanging earrings from the wings of the butterfly Hypolimnas dexithea","robots":{"index":"index","follow":"follow","max-snippet":"max-snippet:-1","max-image-preview":"max-image-preview:large","max-video-preview":"max-video-preview:-1"},"canonical":"https:\/\/www.butterflywings.sk\/en\/product\/earmuffs-heliconius-elevatus\/","og_locale":"en_GB","og_type":"article","og_title":"N\u00e1u\u0161nice Heliconius elevatus - ButterflyWings","og_description":"Visiace n\u00e1u\u0161nice z kr\u00eddel mot\u00fd\u013ea Hypolimnas dexithea","og_url":"https:\/\/www.butterflywings.sk\/en\/product\/earmuffs-heliconius-elevatus\/","og_site_name":"ButterflyWings","article_modified_time":"2026-01-20T13:36:06+00:00","og_image":[{"width":2560,"height":1920,"url":"https:\/\/www.butterflywings.sk\/wp-content\/uploads\/2025\/09\/EN310-converted-from-jpg-scaled.webp","type":"image\/webp"}],"twitter_card":"summary_large_image","twitter_misc":{"Estimated reading time":"1 minute"},"schema":{"@context":"https:\/\/schema.org","@graph":[{"@type":"WebPage","@id":"https:\/\/www.butterflywings.sk\/produkt\/nausnice-heliconius-elevatus\/","url":"https:\/\/www.butterflywings.sk\/produkt\/nausnice-heliconius-elevatus\/","name":"Earrings Heliconius elevatus - ButterflyWings","isPartOf":{"@id":"https:\/\/www.butterflywings.sk\/#website"},"primaryImageOfPage":{"@id":"https:\/\/www.butterflywings.sk\/produkt\/nausnice-heliconius-elevatus\/#primaryimage"},"image":{"@id":"https:\/\/www.butterflywings.sk\/produkt\/nausnice-heliconius-elevatus\/#primaryimage"},"thumbnailUrl":"https:\/\/www.butterflywings.sk\/wp-content\/uploads\/2025\/09\/EN310-converted-from-jpg-scaled.webp","datePublished":"2025-06-05T11:55:47+00:00","dateModified":"2026-01-20T13:36:06+00:00","description":"Hanging earrings from the wings of the butterfly Hypolimnas dexithea","breadcrumb":{"@id":"https:\/\/www.butterflywings.sk\/produkt\/nausnice-heliconius-elevatus\/#breadcrumb"},"inLanguage":"en-GB","potentialAction":[{"@type":"ReadAction","target":["https:\/\/www.butterflywings.sk\/produkt\/nausnice-heliconius-elevatus\/"]}]},{"@type":"ImageObject","inLanguage":"en-GB","@id":"https:\/\/www.butterflywings.sk\/produkt\/nausnice-heliconius-elevatus\/#primaryimage","url":"https:\/\/www.butterflywings.sk\/wp-content\/uploads\/2025\/09\/EN310-converted-from-jpg-scaled.webp","contentUrl":"https:\/\/www.butterflywings.sk\/wp-content\/uploads\/2025\/09\/EN310-converted-from-jpg-scaled.webp","width":2560,"height":1920},{"@type":"BreadcrumbList","@id":"https:\/\/www.butterflywings.sk\/produkt\/nausnice-heliconius-elevatus\/#breadcrumb","itemListElement":[{"@type":"ListItem","position":1,"name":"Domovsk\u00e1 str\u00e1nka","item":"https:\/\/www.butterflywings.sk\/"},{"@type":"ListItem","position":2,"name":"Obchod","item":"https:\/\/www.butterflywings.sk\/obchod\/"},{"@type":"ListItem","position":3,"name":"N\u00e1u\u0161nice Heliconius elevatus"}]},{"@type":"WebSite","@id":"https:\/\/www.butterflywings.sk\/#website","url":"https:\/\/www.butterflywings.sk\/","name":"ButterflyWings","description":"Jewellery made of butterfly wings","publisher":{"@id":"https:\/\/www.butterflywings.sk\/#organization"},"potentialAction":[{"@type":"SearchAction","target":{"@type":"EntryPoint","urlTemplate":"https:\/\/www.butterflywings.sk\/?s={search_term_string}"},"query-input":{"@type":"PropertyValueSpecification","valueRequired":true,"valueName":"search_term_string"}}],"inLanguage":"en-GB"},{"@type":"Organization","@id":"https:\/\/www.butterflywings.sk\/#organization","name":"ButterflyWings","url":"https:\/\/www.butterflywings.sk\/","logo":{"@type":"ImageObject","inLanguage":"en-GB","@id":"https:\/\/www.butterflywings.sk\/#\/schema\/logo\/image\/","url":"https:\/\/www.butterflywings.sk\/wp-content\/uploads\/2020\/02\/Snimka_obrazovky_2025-05-22_o_12.37.48-removebg-preview.png","contentUrl":"https:\/\/www.butterflywings.sk\/wp-content\/uploads\/2020\/02\/Snimka_obrazovky_2025-05-22_o_12.37.48-removebg-preview.png","width":776,"height":322,"caption":"ButterflyWings"},"image":{"@id":"https:\/\/www.butterflywings.sk\/#\/schema\/logo\/image\/"}}]}},"_links":{"self":[{"href":"https:\/\/www.butterflywings.sk\/en\/wp-json\/wp\/v2\/product\/989537","targetHints":{"allow":["GET"]}}],"collection":[{"href":"https:\/\/www.butterflywings.sk\/en\/wp-json\/wp\/v2\/product"}],"about":[{"href":"https:\/\/www.butterflywings.sk\/en\/wp-json\/wp\/v2\/types\/product"}],"version-history":[{"count":1,"href":"https:\/\/www.butterflywings.sk\/en\/wp-json\/wp\/v2\/product\/989537\/revisions"}],"predecessor-version":[{"id":991344,"href":"https:\/\/www.butterflywings.sk\/en\/wp-json\/wp\/v2\/product\/989537\/revisions\/991344"}],"wp:featuredmedia":[{"embeddable":true,"href":"https:\/\/www.butterflywings.sk\/en\/wp-json\/wp\/v2\/media\/991430"}],"wp:attachment":[{"href":"https:\/\/www.butterflywings.sk\/en\/wp-json\/wp\/v2\/media?parent=989537"}],"wp:term":[{"taxonomy":"product_brand","embeddable":true,"href":"https:\/\/www.butterflywings.sk\/en\/wp-json\/wp\/v2\/product_brand?post=989537"},{"taxonomy":"product_cat","embeddable":true,"href":"https:\/\/www.butterflywings.sk\/en\/wp-json\/wp\/v2\/product_cat?post=989537"},{"taxonomy":"product_tag","embeddable":true,"href":"https:\/\/www.butterflywings.sk\/en\/wp-json\/wp\/v2\/product_tag?post=989537"}],"curies":[{"name":"wp","href":"https:\/\/api.w.org\/{rel}","templated":true}]}}